{"id":1257,"date":"2024-04-18T14:20:29","date_gmt":"2024-04-18T19:20:29","guid":{"rendered":"https:\/\/ditrak.co\/?page_id=1257"},"modified":"2024-04-30T08:43:06","modified_gmt":"2024-04-30T13:43:06","slug":"neospectra","status":"publish","type":"page","link":"https:\/\/ditrak.co\/index.php\/neospectra\/","title":{"rendered":"NEOSPECTRA"},"content":{"rendered":"\t\t<div data-elementor-type=\"wp-page\" data-elementor-id=\"1257\" class=\"elementor elementor-1257\">\n\t\t\t\t\t\t<section class=\"elementor-section elementor-top-section elementor-element elementor-element-25c80899 elementor-section-full_width elementor-section-stretched elementor-section-height-default elementor-section-height-default elementor-invisible\" data-id=\"25c80899\" data-element_type=\"section\" data-settings=\"{&quot;background_background&quot;:&quot;classic&quot;,&quot;animation&quot;:&quot;slideInUp&quot;,&quot;animation_delay&quot;:&quot;0.6&quot;,&quot;stretch_section&quot;:&quot;section-stretched&quot;}\">\n\t\t\t\t\t\t\t<div class=\"elementor-background-overlay\"><\/div>\n\t\t\t\t\t\t\t<div class=\"elementor-container elementor-column-gap-default\">\n\t\t\t\t\t<div class=\"elementor-column elementor-col-100 elementor-top-column elementor-element elementor-element-2775de35\" data-id=\"2775de35\" data-element_type=\"column\">\n\t\t\t<div class=\"elementor-widget-wrap elementor-element-populated\">\n\t\t\t\t\t\t<div class=\"elementor-element elementor-element-42014457 elementor-align-center elementor-widget elementor-widget-raven-heading\" data-id=\"42014457\" data-element_type=\"widget\" data-widget_type=\"raven-heading.default\">\n\t\t\t\t<div class=\"elementor-widget-container\">\n\t\t\t\t\t\t\t<div class=\"raven-widget-wrapper\"><h1 class=\"raven-heading raven-heading-h1 raven-heading-rovi-single\"><span class=\"raven-heading-title \">NEOSPECTRA<\/span><\/h1><\/div>\n\t\t\t\t\t\t<\/div>\n\t\t\t\t<\/div>\n\t\t\t\t\t<\/div>\n\t\t<\/div>\n\t\t\t\t\t<\/div>\n\t\t<\/section>\n\t\t<div class=\"elementor-element elementor-element-e7e30c6 e-flex e-con-boxed e-con e-parent\" data-id=\"e7e30c6\" data-element_type=\"container\">\n\t\t\t\t\t<div class=\"e-con-inner\">\n\t\t\t\t<div class=\"elementor-element elementor-element-53b2be4 elementor-widget-divider--view-line elementor-widget elementor-widget-divider\" data-id=\"53b2be4\" data-element_type=\"widget\" data-widget_type=\"divider.default\">\n\t\t\t\t<div class=\"elementor-widget-container\">\n\t\t\t\t\t\t\t<div class=\"elementor-divider\">\n\t\t\t<span class=\"elementor-divider-separator\">\n\t\t\t\t\t\t<\/span>\n\t\t<\/div>\n\t\t\t\t\t\t<\/div>\n\t\t\t\t<\/div>\n\t\t\t\t\t<\/div>\n\t\t\t\t<\/div>\n\t\t<div class=\"elementor-element elementor-element-c03282f e-flex e-con-boxed e-con e-parent\" data-id=\"c03282f\" data-element_type=\"container\">\n\t\t\t\t\t<div class=\"e-con-inner\">\n\t\t<div class=\"elementor-element elementor-element-cc9dfff e-con-full e-flex e-con e-child\" data-id=\"cc9dfff\" data-element_type=\"container\">\n\t\t\t\t<div class=\"elementor-element elementor-element-a0b3430 elementor-widget elementor-widget-image\" data-id=\"a0b3430\" data-element_type=\"widget\" data-widget_type=\"image.default\">\n\t\t\t\t<div class=\"elementor-widget-container\">\n\t\t\t\t\t\t\t\t\t\t\t\t\t\t\t<img fetchpriority=\"high\" decoding=\"async\" width=\"300\" height=\"300\" src=\"https:\/\/ditrak.co\/wp-content\/uploads\/2024\/04\/neospectra.jpg\" class=\"attachment-large size-large wp-image-917\" alt=\"\" srcset=\"https:\/\/ditrak.co\/wp-content\/uploads\/2024\/04\/neospectra.jpg 300w, https:\/\/ditrak.co\/wp-content\/uploads\/2024\/04\/neospectra-150x150.jpg 150w, https:\/\/ditrak.co\/wp-content\/uploads\/2024\/04\/neospectra-100x100.jpg 100w\" sizes=\"(max-width: 300px) 100vw, 300px\" \/>\t\t\t\t\t\t\t\t\t\t\t\t\t\t\t<\/div>\n\t\t\t\t<\/div>\n\t\t\t\t<\/div>\n\t\t<div class=\"elementor-element elementor-element-2954d19 e-con-full e-flex e-con e-child\" data-id=\"2954d19\" data-element_type=\"container\">\n\t\t\t\t<div class=\"elementor-element elementor-element-3aabd9f elementor-widget elementor-widget-text-editor\" data-id=\"3aabd9f\" data-element_type=\"widget\" data-widget_type=\"text-editor.default\">\n\t\t\t\t<div class=\"elementor-widget-container\">\n\t\t\t\t\t\t\t\t\t<p><b>NEOSPECTRA<\/b>, es un equipo port\u00e1til para que garantiza realizar pruebas frecuentes con resultados precisos.<\/p><p>Mejorar\u00e1 sustancialmente el momento de la cosecha, el secado y la distribuci\u00f3n de sus plantas de cannabis , obteniendo la calidad y cumplimiento de las normativas, toma decisiones oportunas y minimizando los costos log\u00edsticos y de producci\u00f3n para un crecimiento rentable de las empresas de cannabis.<\/p>\t\t\t\t\t\t\t\t<\/div>\n\t\t\t\t<\/div>\n\t\t\t\t<\/div>\n\t\t\t\t\t<\/div>\n\t\t\t\t<\/div>\n\t\t<div class=\"elementor-element elementor-element-9ca9f2e e-flex e-con-boxed e-con e-parent\" data-id=\"9ca9f2e\" data-element_type=\"container\">\n\t\t\t\t\t<div class=\"e-con-inner\">\n\t\t\t\t<div class=\"elementor-element elementor-element-43fb39f elementor-widget elementor-widget-image\" data-id=\"43fb39f\" data-element_type=\"widget\" data-widget_type=\"image.default\">\n\t\t\t\t<div class=\"elementor-widget-container\">\n\t\t\t\t\t\t\t\t\t\t\t\t\t\t\t<img decoding=\"async\" width=\"1024\" height=\"469\" src=\"https:\/\/ditrak.co\/wp-content\/uploads\/2024\/04\/655ef4c5ba9dcaecec88ae95_Cannabis-Anaylsis-1024x469.webp\" class=\"attachment-large size-large wp-image-1261\" alt=\"\" srcset=\"https:\/\/ditrak.co\/wp-content\/uploads\/2024\/04\/655ef4c5ba9dcaecec88ae95_Cannabis-Anaylsis-1024x469.webp 1024w, https:\/\/ditrak.co\/wp-content\/uploads\/2024\/04\/655ef4c5ba9dcaecec88ae95_Cannabis-Anaylsis-300x138.webp 300w, https:\/\/ditrak.co\/wp-content\/uploads\/2024\/04\/655ef4c5ba9dcaecec88ae95_Cannabis-Anaylsis-768x352.webp 768w, https:\/\/ditrak.co\/wp-content\/uploads\/2024\/04\/655ef4c5ba9dcaecec88ae95_Cannabis-Anaylsis.webp 1440w\" sizes=\"(max-width: 1024px) 100vw, 1024px\" \/>\t\t\t\t\t\t\t\t\t\t\t\t\t\t\t<\/div>\n\t\t\t\t<\/div>\n\t\t\t\t\t<\/div>\n\t\t\t\t<\/div>\n\t\t<div class=\"elementor-element elementor-element-11555a7 e-flex e-con-boxed e-con e-parent\" data-id=\"11555a7\" data-element_type=\"container\">\n\t\t\t\t\t<div class=\"e-con-inner\">\n\t\t<div class=\"elementor-element elementor-element-fd22b41 e-con-full e-flex e-con e-child\" data-id=\"fd22b41\" data-element_type=\"container\">\n\t\t\t\t<div class=\"elementor-element elementor-element-3efcce7 elementor-widget elementor-widget-heading\" data-id=\"3efcce7\" data-element_type=\"widget\" data-widget_type=\"heading.default\">\n\t\t\t\t<div class=\"elementor-widget-container\">\n\t\t\t\t\t<h2 class=\"elementor-heading-title elementor-size-default\">Esc\u00e1ner De Mano Listo Para Usar<\/h2>\t\t\t\t<\/div>\n\t\t\t\t<\/div>\n\t\t\t\t<div class=\"elementor-element elementor-element-bf1ba10 elementor-widget elementor-widget-text-editor\" data-id=\"bf1ba10\" data-element_type=\"widget\" data-widget_type=\"text-editor.default\">\n\t\t\t\t<div class=\"elementor-widget-container\">\n\t\t\t\t\t\t\t\t\t<ul class=\"list-8\" role=\"list\"><li class=\"list-item-7\">Espectr\u00f3metro NIR de precisi\u00f3n adaptado al cannabis<\/li><li class=\"list-item-7\">Dise\u00f1o ergon\u00f3mico y resistente<\/li><li class=\"list-item-7\">Accesorios personalizados para distintos tipos de muestras<\/li><\/ul>\t\t\t\t\t\t\t\t<\/div>\n\t\t\t\t<\/div>\n\t\t\t\t<\/div>\n\t\t<div class=\"elementor-element elementor-element-5276796 e-con-full e-flex e-con e-child\" data-id=\"5276796\" data-element_type=\"container\">\n\t\t\t\t<div class=\"elementor-element elementor-element-4438023 elementor-widget elementor-widget-heading\" data-id=\"4438023\" data-element_type=\"widget\" data-widget_type=\"heading.default\">\n\t\t\t\t<div class=\"elementor-widget-container\">\n\t\t\t\t\t<h2 class=\"elementor-heading-title elementor-size-default\">Resultados Instant\u00e1neos A Trav\u00e9s De La Aplicaci\u00f3n M\u00f3vil\n<\/h2>\t\t\t\t<\/div>\n\t\t\t\t<\/div>\n\t\t\t\t<div class=\"elementor-element elementor-element-2a7a889 elementor-widget elementor-widget-text-editor\" data-id=\"2a7a889\" data-element_type=\"widget\" data-widget_type=\"text-editor.default\">\n\t\t\t\t<div class=\"elementor-widget-container\">\n\t\t\t\t\t\t\t\t\t<ul class=\"list-8\" role=\"list\"><li class=\"list-item-7\">Amplia selecci\u00f3n de par\u00e1metros cr\u00edticos<\/li><li class=\"list-item-7\">An\u00e1lisis simult\u00e1neo de m\u00faltiples compuestos<\/li><li class=\"list-item-7\">Resultados disponibles inmediatamente<\/li><\/ul>\t\t\t\t\t\t\t\t<\/div>\n\t\t\t\t<\/div>\n\t\t\t\t<\/div>\n\t\t\t\t\t<\/div>\n\t\t\t\t<\/div>\n\t\t<div class=\"elementor-element elementor-element-c206da2 e-flex e-con-boxed e-con e-parent\" data-id=\"c206da2\" data-element_type=\"container\">\n\t\t\t\t\t<div class=\"e-con-inner\">\n\t\t\t\t<div class=\"elementor-element elementor-element-0eced68 elementor-widget elementor-widget-heading\" data-id=\"0eced68\" data-element_type=\"widget\" data-widget_type=\"heading.default\">\n\t\t\t\t<div class=\"elementor-widget-container\">\n\t\t\t\t\t<h2 class=\"elementor-heading-title elementor-size-default\">Equipo port\u00e1til FT-NIR<\/h2>\t\t\t\t<\/div>\n\t\t\t\t<\/div>\n\t\t\t\t\t<\/div>\n\t\t\t\t<\/div>\n\t\t<div class=\"elementor-element elementor-element-466376e e-flex e-con-boxed e-con e-parent\" data-id=\"466376e\" data-element_type=\"container\">\n\t\t\t\t\t<div class=\"e-con-inner\">\n\t\t<div class=\"elementor-element elementor-element-66ea92e e-con-full e-flex e-con e-child\" data-id=\"66ea92e\" data-element_type=\"container\">\n\t\t\t\t<div class=\"elementor-element elementor-element-ae0a851 elementor-widget elementor-widget-image\" data-id=\"ae0a851\" data-element_type=\"widget\" data-widget_type=\"image.default\">\n\t\t\t\t<div class=\"elementor-widget-container\">\n\t\t\t\t\t\t\t\t\t\t\t\t\t\t\t<img decoding=\"async\" width=\"447\" height=\"597\" src=\"https:\/\/ditrak.co\/wp-content\/uploads\/2024\/04\/Imagen-2.png\" class=\"attachment-large size-large wp-image-1269\" alt=\"\" srcset=\"https:\/\/ditrak.co\/wp-content\/uploads\/2024\/04\/Imagen-2.png 447w, https:\/\/ditrak.co\/wp-content\/uploads\/2024\/04\/Imagen-2-225x300.png 225w\" sizes=\"(max-width: 447px) 100vw, 447px\" \/>\t\t\t\t\t\t\t\t\t\t\t\t\t\t\t<\/div>\n\t\t\t\t<\/div>\n\t\t\t\t<\/div>\n\t\t<div class=\"elementor-element elementor-element-8a44eff e-con-full e-flex e-con e-child\" data-id=\"8a44eff\" data-element_type=\"container\">\n\t\t\t\t<div class=\"elementor-element elementor-element-49dcfea elementor-widget elementor-widget-image\" data-id=\"49dcfea\" data-element_type=\"widget\" data-widget_type=\"image.default\">\n\t\t\t\t<div class=\"elementor-widget-container\">\n\t\t\t\t\t\t\t\t\t\t\t\t\t\t\t<img loading=\"lazy\" decoding=\"async\" width=\"960\" height=\"418\" src=\"https:\/\/ditrak.co\/wp-content\/uploads\/2024\/04\/Imagen-1.png\" class=\"attachment-large size-large wp-image-1268\" alt=\"\" srcset=\"https:\/\/ditrak.co\/wp-content\/uploads\/2024\/04\/Imagen-1.png 960w, https:\/\/ditrak.co\/wp-content\/uploads\/2024\/04\/Imagen-1-300x131.png 300w, https:\/\/ditrak.co\/wp-content\/uploads\/2024\/04\/Imagen-1-768x334.png 768w\" sizes=\"(max-width: 960px) 100vw, 960px\" \/>\t\t\t\t\t\t\t\t\t\t\t\t\t\t\t<\/div>\n\t\t\t\t<\/div>\n\t\t\t\t<\/div>\n\t\t<div class=\"elementor-element elementor-element-3b3fe16 e-con-full e-flex e-con e-child\" data-id=\"3b3fe16\" data-element_type=\"container\">\n\t\t\t\t<div class=\"elementor-element elementor-element-d21703c elementor-widget elementor-widget-image\" data-id=\"d21703c\" data-element_type=\"widget\" data-widget_type=\"image.default\">\n\t\t\t\t<div class=\"elementor-widget-container\">\n\t\t\t\t\t\t\t\t\t\t\t\t\t\t\t<img loading=\"lazy\" decoding=\"async\" width=\"527\" height=\"477\" src=\"https:\/\/ditrak.co\/wp-content\/uploads\/2024\/04\/Imagen-3.png\" class=\"attachment-large size-large wp-image-1270\" alt=\"\" srcset=\"https:\/\/ditrak.co\/wp-content\/uploads\/2024\/04\/Imagen-3.png 527w, https:\/\/ditrak.co\/wp-content\/uploads\/2024\/04\/Imagen-3-300x272.png 300w\" sizes=\"(max-width: 527px) 100vw, 527px\" \/>\t\t\t\t\t\t\t\t\t\t\t\t\t\t\t<\/div>\n\t\t\t\t<\/div>\n\t\t\t\t<\/div>\n\t\t\t\t\t<\/div>\n\t\t\t\t<\/div>\n\t\t<div class=\"elementor-element elementor-element-d3e0967 e-flex e-con-boxed e-con e-parent\" data-id=\"d3e0967\" data-element_type=\"container\">\n\t\t\t\t\t<div class=\"e-con-inner\">\n\t\t\t\t<div class=\"elementor-element elementor-element-fbb1b56 elementor-widget elementor-widget-text-editor\" data-id=\"fbb1b56\" data-element_type=\"widget\" data-widget_type=\"text-editor.default\">\n\t\t\t\t<div class=\"elementor-widget-container\">\n\t\t\t\t\t\t\t\t\t<p>La espectroscopia FT-NIR proporciona mediciones exactas y precisas de las propiedades qu\u00edmicas y f\u00edsicas de las muestras, mientras que el motor \u00f3ptico MEMS en un chip ofrece alta velocidad comparando la lectura contra el modelo de calibraci\u00f3n de varios a\u00f1os de investigaci\u00f3n y desarrollo.<\/p>\t\t\t\t\t\t\t\t<\/div>\n\t\t\t\t<\/div>\n\t\t\t\t\t<\/div>\n\t\t\t\t<\/div>\n\t\t<div class=\"elementor-element elementor-element-63aeb9e e-flex e-con-boxed e-con e-parent\" data-id=\"63aeb9e\" data-element_type=\"container\">\n\t\t\t\t\t<div class=\"e-con-inner\">\n\t\t\t\t<div class=\"elementor-element elementor-element-4d0f340 elementor-widget elementor-widget-heading\" data-id=\"4d0f340\" data-element_type=\"widget\" data-widget_type=\"heading.default\">\n\t\t\t\t<div class=\"elementor-widget-container\">\n\t\t\t\t\t<h2 class=\"elementor-heading-title elementor-size-default\">Equipo FT-NIR Port\u00e1til con modelo VALENVERAS \nen flor seca predice CBD, THC, CBG, Terpenos, \nHumedad y Actividad de agua\n<\/h2>\t\t\t\t<\/div>\n\t\t\t\t<\/div>\n\t\t\t\t\t<\/div>\n\t\t\t\t<\/div>\n\t\t<div class=\"elementor-element elementor-element-ce86548 e-flex e-con-boxed e-con e-parent\" data-id=\"ce86548\" data-element_type=\"container\">\n\t\t\t\t\t<div class=\"e-con-inner\">\n\t\t<div class=\"elementor-element elementor-element-4f6bf11 e-con-full e-flex e-con e-child\" data-id=\"4f6bf11\" data-element_type=\"container\">\n\t\t\t\t<div class=\"elementor-element elementor-element-d81d498 elementor-widget elementor-widget-heading\" data-id=\"d81d498\" data-element_type=\"widget\" data-widget_type=\"heading.default\">\n\t\t\t\t<div class=\"elementor-widget-container\">\n\t\t\t\t\t<h2 class=\"elementor-heading-title elementor-size-default\">An\u00e1lisis\n<\/h2>\t\t\t\t<\/div>\n\t\t\t\t<\/div>\n\t\t\t\t<div class=\"elementor-element elementor-element-cd3384d elementor-widget elementor-widget-image\" data-id=\"cd3384d\" data-element_type=\"widget\" data-widget_type=\"image.default\">\n\t\t\t\t<div class=\"elementor-widget-container\">\n\t\t\t\t\t\t\t\t\t\t\t\t\t\t\t<img loading=\"lazy\" decoding=\"async\" width=\"527\" height=\"477\" src=\"https:\/\/ditrak.co\/wp-content\/uploads\/2024\/04\/Imagen-3.png\" class=\"attachment-large size-large wp-image-1270\" alt=\"\" srcset=\"https:\/\/ditrak.co\/wp-content\/uploads\/2024\/04\/Imagen-3.png 527w, https:\/\/ditrak.co\/wp-content\/uploads\/2024\/04\/Imagen-3-300x272.png 300w\" sizes=\"(max-width: 527px) 100vw, 527px\" \/>\t\t\t\t\t\t\t\t\t\t\t\t\t\t\t<\/div>\n\t\t\t\t<\/div>\n\t\t\t\t<div class=\"elementor-element elementor-element-8b166d7 elementor-widget elementor-widget-image\" data-id=\"8b166d7\" data-element_type=\"widget\" data-widget_type=\"image.default\">\n\t\t\t\t<div class=\"elementor-widget-container\">\n\t\t\t\t\t\t\t\t\t\t\t\t\t\t\t<img loading=\"lazy\" decoding=\"async\" width=\"902\" height=\"431\" src=\"https:\/\/ditrak.co\/wp-content\/uploads\/2024\/04\/Imagen-5.png\" class=\"attachment-large size-large wp-image-1275\" alt=\"\" srcset=\"https:\/\/ditrak.co\/wp-content\/uploads\/2024\/04\/Imagen-5.png 902w, https:\/\/ditrak.co\/wp-content\/uploads\/2024\/04\/Imagen-5-300x143.png 300w, https:\/\/ditrak.co\/wp-content\/uploads\/2024\/04\/Imagen-5-768x367.png 768w\" sizes=\"(max-width: 902px) 100vw, 902px\" \/>\t\t\t\t\t\t\t\t\t\t\t\t\t\t\t<\/div>\n\t\t\t\t<\/div>\n\t\t\t\t<\/div>\n\t\t<div class=\"elementor-element elementor-element-b2c7c6e e-con-full e-flex e-con e-child\" data-id=\"b2c7c6e\" data-element_type=\"container\">\n\t\t\t\t<div class=\"elementor-element elementor-element-15811c3 elementor-widget elementor-widget-heading\" data-id=\"15811c3\" data-element_type=\"widget\" data-widget_type=\"heading.default\">\n\t\t\t\t<div class=\"elementor-widget-container\">\n\t\t\t\t\t<h2 class=\"elementor-heading-title elementor-size-default\">Terpenos\n<\/h2>\t\t\t\t<\/div>\n\t\t\t\t<\/div>\n\t\t\t\t<div class=\"elementor-element elementor-element-ea4f6e9 elementor-widget elementor-widget-image\" data-id=\"ea4f6e9\" data-element_type=\"widget\" data-widget_type=\"image.default\">\n\t\t\t\t<div class=\"elementor-widget-container\">\n\t\t\t\t\t\t\t\t\t\t\t\t\t\t\t<img loading=\"lazy\" decoding=\"async\" width=\"933\" height=\"864\" src=\"https:\/\/ditrak.co\/wp-content\/uploads\/2024\/04\/Imagen-4.png\" class=\"attachment-large size-large wp-image-1274\" alt=\"\" srcset=\"https:\/\/ditrak.co\/wp-content\/uploads\/2024\/04\/Imagen-4.png 933w, https:\/\/ditrak.co\/wp-content\/uploads\/2024\/04\/Imagen-4-300x278.png 300w, https:\/\/ditrak.co\/wp-content\/uploads\/2024\/04\/Imagen-4-768x711.png 768w\" sizes=\"(max-width: 933px) 100vw, 933px\" \/>\t\t\t\t\t\t\t\t\t\t\t\t\t\t\t<\/div>\n\t\t\t\t<\/div>\n\t\t\t\t<\/div>\n\t\t\t\t\t<\/div>\n\t\t\t\t<\/div>\n\t\t<div class=\"elementor-element elementor-element-560042a e-flex e-con-boxed e-con e-parent\" data-id=\"560042a\" data-element_type=\"container\">\n\t\t\t\t\t<div class=\"e-con-inner\">\n\t\t\t\t<div class=\"elementor-element elementor-element-33312f2 elementor-widget elementor-widget-heading\" data-id=\"33312f2\" data-element_type=\"widget\" data-widget_type=\"heading.default\">\n\t\t\t\t<div class=\"elementor-widget-container\">\n\t\t\t\t\t<h2 class=\"elementor-heading-title elementor-size-default\">Equipo port\u00e1til FT-NIR \u00bfQu\u00e9 incluye? <\/h2>\t\t\t\t<\/div>\n\t\t\t\t<\/div>\n\t\t\t\t\t<\/div>\n\t\t\t\t<\/div>\n\t\t<div class=\"elementor-element elementor-element-bac8d33 e-flex e-con-boxed e-con e-parent\" data-id=\"bac8d33\" data-element_type=\"container\">\n\t\t\t\t\t<div class=\"e-con-inner\">\n\t\t<div class=\"elementor-element elementor-element-89ac928 e-con-full e-flex e-con e-child\" data-id=\"89ac928\" data-element_type=\"container\">\n\t\t\t\t<div class=\"elementor-element elementor-element-d4abe5e elementor-widget elementor-widget-image\" data-id=\"d4abe5e\" data-element_type=\"widget\" data-widget_type=\"image.default\">\n\t\t\t\t<div class=\"elementor-widget-container\">\n\t\t\t\t\t\t\t\t\t\t\t\t\t\t\t<img decoding=\"async\" width=\"447\" height=\"597\" src=\"https:\/\/ditrak.co\/wp-content\/uploads\/2024\/04\/Imagen-2.png\" class=\"attachment-large size-large wp-image-1269\" alt=\"\" srcset=\"https:\/\/ditrak.co\/wp-content\/uploads\/2024\/04\/Imagen-2.png 447w, https:\/\/ditrak.co\/wp-content\/uploads\/2024\/04\/Imagen-2-225x300.png 225w\" sizes=\"(max-width: 447px) 100vw, 447px\" \/>\t\t\t\t\t\t\t\t\t\t\t\t\t\t\t<\/div>\n\t\t\t\t<\/div>\n\t\t\t\t<\/div>\n\t\t<div class=\"elementor-element elementor-element-c23795d e-con-full e-flex e-con e-child\" data-id=\"c23795d\" data-element_type=\"container\">\n\t\t\t\t<div class=\"elementor-element elementor-element-ee8741a elementor-widget elementor-widget-image\" data-id=\"ee8741a\" data-element_type=\"widget\" data-widget_type=\"image.default\">\n\t\t\t\t<div class=\"elementor-widget-container\">\n\t\t\t\t\t\t\t\t\t\t\t\t\t\t\t<img loading=\"lazy\" decoding=\"async\" width=\"435\" height=\"177\" src=\"https:\/\/ditrak.co\/wp-content\/uploads\/2024\/04\/Imagen-6.png\" class=\"attachment-large size-large wp-image-1280\" alt=\"\" srcset=\"https:\/\/ditrak.co\/wp-content\/uploads\/2024\/04\/Imagen-6.png 435w, https:\/\/ditrak.co\/wp-content\/uploads\/2024\/04\/Imagen-6-300x122.png 300w\" sizes=\"(max-width: 435px) 100vw, 435px\" \/>\t\t\t\t\t\t\t\t\t\t\t\t\t\t\t<\/div>\n\t\t\t\t<\/div>\n\t\t\t\t<\/div>\n\t\t<div class=\"elementor-element elementor-element-44736d7 e-con-full e-flex e-con e-child\" data-id=\"44736d7\" data-element_type=\"container\">\n\t\t\t\t<div class=\"elementor-element elementor-element-4648707 elementor-widget elementor-widget-image\" data-id=\"4648707\" data-element_type=\"widget\" data-widget_type=\"image.default\">\n\t\t\t\t<div class=\"elementor-widget-container\">\n\t\t\t\t\t\t\t\t\t\t\t\t\t\t\t<img loading=\"lazy\" decoding=\"async\" width=\"354\" height=\"470\" src=\"https:\/\/ditrak.co\/wp-content\/uploads\/2024\/04\/Imagen-7.png\" class=\"attachment-large size-large wp-image-1281\" alt=\"\" srcset=\"https:\/\/ditrak.co\/wp-content\/uploads\/2024\/04\/Imagen-7.png 354w, https:\/\/ditrak.co\/wp-content\/uploads\/2024\/04\/Imagen-7-226x300.png 226w\" sizes=\"(max-width: 354px) 100vw, 354px\" \/>\t\t\t\t\t\t\t\t\t\t\t\t\t\t\t<\/div>\n\t\t\t\t<\/div>\n\t\t\t\t<\/div>\n\t\t<div class=\"elementor-element elementor-element-f739159 e-con-full e-flex e-con e-child\" data-id=\"f739159\" data-element_type=\"container\">\n\t\t\t\t<div class=\"elementor-element elementor-element-d96ab63 elementor-widget elementor-widget-image\" data-id=\"d96ab63\" data-element_type=\"widget\" data-widget_type=\"image.default\">\n\t\t\t\t<div class=\"elementor-widget-container\">\n\t\t\t\t\t\t\t\t\t\t\t\t\t\t\t<img loading=\"lazy\" decoding=\"async\" width=\"527\" height=\"477\" src=\"https:\/\/ditrak.co\/wp-content\/uploads\/2024\/04\/Imagen-3.png\" class=\"attachment-large size-large wp-image-1270\" alt=\"\" srcset=\"https:\/\/ditrak.co\/wp-content\/uploads\/2024\/04\/Imagen-3.png 527w, https:\/\/ditrak.co\/wp-content\/uploads\/2024\/04\/Imagen-3-300x272.png 300w\" sizes=\"(max-width: 527px) 100vw, 527px\" \/>\t\t\t\t\t\t\t\t\t\t\t\t\t\t\t<\/div>\n\t\t\t\t<\/div>\n\t\t\t\t<\/div>\n\t\t\t\t\t<\/div>\n\t\t\t\t<\/div>\n\t\t<div class=\"elementor-element elementor-element-90a5c50 e-flex e-con-boxed e-con e-parent\" data-id=\"90a5c50\" data-element_type=\"container\">\n\t\t\t\t\t<div class=\"e-con-inner\">\n\t\t<div class=\"elementor-element elementor-element-b18eed2 e-con-full e-flex e-con e-child\" data-id=\"b18eed2\" data-element_type=\"container\">\n\t\t\t\t<div class=\"elementor-element elementor-element-288dce2 elementor-widget elementor-widget-text-editor\" data-id=\"288dce2\" data-element_type=\"widget\" data-widget_type=\"text-editor.default\">\n\t\t\t\t<div class=\"elementor-widget-container\">\n\t\t\t\t\t\t\t\t\t<ul><li><b>Hardware:<br \/><\/b>\u200d- Espectr\u00f3metro NIR de mano &#8211; Esc\u00e1ner NeoSpectra<br \/>&#8211; Funda protectora con baldosa de calibraci\u00f3n<br \/>&#8211; 2 a\u00f1os de garant\u00eda sobre el dispositivo<\/li><li><b>Herramientas de muestreo:<\/b><br \/>&#8211; Molinillo de muestras<br \/>&#8211; (3) vasos para muestras de polvo<br \/>&#8211; Prensa de muestras<br \/>&#8211; Baldosa de calibraci\u00f3n<br \/>&#8211; Soporte para platos de polvo\u00a0<\/li><\/ul>\t\t\t\t\t\t\t\t<\/div>\n\t\t\t\t<\/div>\n\t\t\t\t<\/div>\n\t\t<div class=\"elementor-element elementor-element-885bca0 e-con-full e-flex e-con e-child\" data-id=\"885bca0\" data-element_type=\"container\">\n\t\t\t\t<div class=\"elementor-element elementor-element-3c387fe elementor-widget elementor-widget-text-editor\" data-id=\"3c387fe\" data-element_type=\"widget\" data-widget_type=\"text-editor.default\">\n\t\t\t\t<div class=\"elementor-widget-container\">\n\t\t\t\t\t\t\t\t\t<ul><li><b>Software 1 a\u00f1o de acceso a:<br \/>\u200d-<\/b>Aplicaci\u00f3n m\u00f3vil para conectarse con el dispositivo y obtener resultados<br \/>&#8211; Portal en la nube para realizar an\u00e1lisis y generar resultados basados en informes<br \/>&#8211; Modelos de Cannabis Valenveras<\/li><li><b>Otros accesorios:<br \/>\u200d-<\/b>Estuche r\u00edgido port\u00e1til para guardar y transportar el dispositivo con seguridad<br \/>&#8211; Kit de limpieza<br \/>&#8211; Bater\u00edas recargables y cable de carga<br \/>&#8211; Funda protectora que incluye material de referencia<\/li><\/ul>\t\t\t\t\t\t\t\t<\/div>\n\t\t\t\t<\/div>\n\t\t\t\t<\/div>\n\t\t\t\t\t<\/div>\n\t\t\t\t<\/div>\n\t\t\t\t<\/div>\n\t\t","protected":false},"excerpt":{"rendered":"<p>NEOSPECTRA NEOSPECTRA, es un equipo port\u00e1til para que garantiza realizar pruebas frecuentes con resultados precisos. Mejorar\u00e1 sustancialmente el momento de la cosecha, el secado y la distribuci\u00f3n de sus plantas de cannabis , obteniendo la calidad y cumplimiento de las normativas, toma decisiones oportunas y minimizando los costos log\u00edsticos y de producci\u00f3n para un crecimiento [&hellip;]<\/p>\n","protected":false},"author":1,"featured_media":0,"parent":0,"menu_order":0,"comment_status":"closed","ping_status":"closed","template":"","meta":{"_acf_changed":false,"footnotes":""},"class_list":["post-1257","page","type-page","status-publish","hentry"],"acf":[],"_links":{"self":[{"href":"https:\/\/ditrak.co\/index.php\/wp-json\/wp\/v2\/pages\/1257","targetHints":{"allow":["GET"]}}],"collection":[{"href":"https:\/\/ditrak.co\/index.php\/wp-json\/wp\/v2\/pages"}],"about":[{"href":"https:\/\/ditrak.co\/index.php\/wp-json\/wp\/v2\/types\/page"}],"author":[{"embeddable":true,"href":"https:\/\/ditrak.co\/index.php\/wp-json\/wp\/v2\/users\/1"}],"replies":[{"embeddable":true,"href":"https:\/\/ditrak.co\/index.php\/wp-json\/wp\/v2\/comments?post=1257"}],"version-history":[{"count":25,"href":"https:\/\/ditrak.co\/index.php\/wp-json\/wp\/v2\/pages\/1257\/revisions"}],"predecessor-version":[{"id":1952,"href":"https:\/\/ditrak.co\/index.php\/wp-json\/wp\/v2\/pages\/1257\/revisions\/1952"}],"wp:attachment":[{"href":"https:\/\/ditrak.co\/index.php\/wp-json\/wp\/v2\/media?parent=1257"}],"curies":[{"name":"wp","href":"https:\/\/api.w.org\/{rel}","templated":true}]}}