{"id":1297,"date":"2024-04-22T09:39:35","date_gmt":"2024-04-22T14:39:35","guid":{"rendered":"https:\/\/ditrak.co\/?page_id=1297"},"modified":"2024-08-09T15:30:31","modified_gmt":"2024-08-09T20:30:31","slug":"software","status":"publish","type":"page","link":"https:\/\/ditrak.co\/index.php\/software\/","title":{"rendered":"SOFTWARE"},"content":{"rendered":"\t\t<div data-elementor-type=\"wp-page\" data-elementor-id=\"1297\" class=\"elementor elementor-1297\">\n\t\t\t\t\t\t<section class=\"elementor-section elementor-top-section elementor-element elementor-element-3a449e55 elementor-section-full_width elementor-section-stretched elementor-section-height-default elementor-section-height-default elementor-invisible\" data-id=\"3a449e55\" data-element_type=\"section\" data-settings=\"{&quot;background_background&quot;:&quot;classic&quot;,&quot;animation&quot;:&quot;slideInUp&quot;,&quot;animation_delay&quot;:&quot;0.6&quot;,&quot;stretch_section&quot;:&quot;section-stretched&quot;}\">\n\t\t\t\t\t\t\t<div class=\"elementor-background-overlay\"><\/div>\n\t\t\t\t\t\t\t<div class=\"elementor-container elementor-column-gap-default\">\n\t\t\t\t\t<div class=\"elementor-column elementor-col-100 elementor-top-column elementor-element elementor-element-61bd6e61\" data-id=\"61bd6e61\" data-element_type=\"column\">\n\t\t\t<div class=\"elementor-widget-wrap elementor-element-populated\">\n\t\t\t\t\t\t<div class=\"elementor-element elementor-element-67b291ad elementor-align-center elementor-widget elementor-widget-raven-heading\" data-id=\"67b291ad\" data-element_type=\"widget\" data-widget_type=\"raven-heading.default\">\n\t\t\t\t<div class=\"elementor-widget-container\">\n\t\t\t\t\t\t\t<div class=\"raven-widget-wrapper\"><h1 class=\"raven-heading raven-heading-h1 raven-heading-rovi-single\"><span class=\"raven-heading-title \">Software<\/span><\/h1><\/div>\n\t\t\t\t\t\t<\/div>\n\t\t\t\t<\/div>\n\t\t\t\t\t<\/div>\n\t\t<\/div>\n\t\t\t\t\t<\/div>\n\t\t<\/section>\n\t\t<div class=\"elementor-element elementor-element-6c48077 e-flex e-con-boxed e-con e-parent\" data-id=\"6c48077\" data-element_type=\"container\">\n\t\t\t\t\t<div class=\"e-con-inner\">\n\t\t<div class=\"elementor-element elementor-element-4c3194b e-con-full e-flex e-con e-child\" data-id=\"4c3194b\" data-element_type=\"container\">\n\t\t\t\t<div class=\"elementor-element elementor-element-a0e8f2a elementor-widget elementor-widget-image\" data-id=\"a0e8f2a\" data-element_type=\"widget\" data-widget_type=\"image.default\">\n\t\t\t\t<div class=\"elementor-widget-container\">\n\t\t\t\t\t\t\t\t\t\t\t\t\t\t\t<img fetchpriority=\"high\" decoding=\"async\" width=\"1024\" height=\"198\" src=\"https:\/\/ditrak.co\/wp-content\/uploads\/2024\/08\/Logo-Color-1024x198.png\" class=\"attachment-large size-large wp-image-2132\" alt=\"\" srcset=\"https:\/\/ditrak.co\/wp-content\/uploads\/2024\/08\/Logo-Color-1024x198.png 1024w, https:\/\/ditrak.co\/wp-content\/uploads\/2024\/08\/Logo-Color-300x58.png 300w, https:\/\/ditrak.co\/wp-content\/uploads\/2024\/08\/Logo-Color-768x148.png 768w, https:\/\/ditrak.co\/wp-content\/uploads\/2024\/08\/Logo-Color-1536x297.png 1536w, https:\/\/ditrak.co\/wp-content\/uploads\/2024\/08\/Logo-Color-2048x396.png 2048w\" sizes=\"(max-width: 1024px) 100vw, 1024px\" \/>\t\t\t\t\t\t\t\t\t\t\t\t\t\t\t<\/div>\n\t\t\t\t<\/div>\n\t\t\t\t<\/div>\n\t\t<div class=\"elementor-element elementor-element-039f848 e-con-full e-flex e-con e-child\" data-id=\"039f848\" data-element_type=\"container\">\n\t\t\t\t<div class=\"elementor-element elementor-element-d0eb75b elementor-widget elementor-widget-text-editor\" data-id=\"d0eb75b\" data-element_type=\"widget\" data-widget_type=\"text-editor.default\">\n\t\t\t\t<div class=\"elementor-widget-container\">\n\t\t\t\t\t\t\t\t\t<p><strong>SPACE AG<\/strong>\u00a0es una empresa l\u00edder en el campo de la agro-tecnolog\u00eda. Impulsa una agricultura m\u00e1s eficiente y sostenible mediante la digitalizaci\u00f3n, automatizaci\u00f3n e integraci\u00f3n de datos. Ofrece herramientas avanzadas que permiten a los agricultores mejorar la productividad, reducir costos y optimizar el uso de recursos, facilitando la toma de decisiones informadas desde una plataforma centralizada.<\/p>\t\t\t\t\t\t\t\t<\/div>\n\t\t\t\t<\/div>\n\t\t\t\t<\/div>\n\t\t\t\t\t<\/div>\n\t\t\t\t<\/div>\n\t\t<div class=\"elementor-element elementor-element-100a283 e-flex e-con-boxed e-con e-parent\" data-id=\"100a283\" data-element_type=\"container\">\n\t\t\t\t\t<div class=\"e-con-inner\">\n\t\t\t\t<div class=\"elementor-element elementor-element-32ded3f elementor-widget elementor-widget-image\" data-id=\"32ded3f\" data-element_type=\"widget\" data-widget_type=\"image.default\">\n\t\t\t\t<div class=\"elementor-widget-container\">\n\t\t\t\t\t\t\t\t\t\t\t\t\t\t\t<img decoding=\"async\" width=\"1024\" height=\"439\" src=\"https:\/\/ditrak.co\/wp-content\/uploads\/2024\/08\/Captura-de-pantalla-2024-08-09-a-las-3.29.36-p.m-1024x439.png\" class=\"attachment-large size-large wp-image-2134\" alt=\"\" srcset=\"https:\/\/ditrak.co\/wp-content\/uploads\/2024\/08\/Captura-de-pantalla-2024-08-09-a-las-3.29.36-p.m-1024x439.png 1024w, https:\/\/ditrak.co\/wp-content\/uploads\/2024\/08\/Captura-de-pantalla-2024-08-09-a-las-3.29.36-p.m-300x129.png 300w, https:\/\/ditrak.co\/wp-content\/uploads\/2024\/08\/Captura-de-pantalla-2024-08-09-a-las-3.29.36-p.m-768x329.png 768w, https:\/\/ditrak.co\/wp-content\/uploads\/2024\/08\/Captura-de-pantalla-2024-08-09-a-las-3.29.36-p.m-1536x659.png 1536w, https:\/\/ditrak.co\/wp-content\/uploads\/2024\/08\/Captura-de-pantalla-2024-08-09-a-las-3.29.36-p.m-2048x878.png 2048w\" sizes=\"(max-width: 1024px) 100vw, 1024px\" \/>\t\t\t\t\t\t\t\t\t\t\t\t\t\t\t<\/div>\n\t\t\t\t<\/div>\n\t\t\t\t\t<\/div>\n\t\t\t\t<\/div>\n\t\t<div class=\"elementor-element elementor-element-5c61f2a e-flex e-con-boxed e-con e-parent\" data-id=\"5c61f2a\" data-element_type=\"container\">\n\t\t\t\t\t<div class=\"e-con-inner\">\n\t\t<div class=\"elementor-element elementor-element-6c394e8 e-con-full e-flex e-con e-child\" data-id=\"6c394e8\" data-element_type=\"container\">\n\t\t\t\t<div class=\"elementor-element elementor-element-6b1d52b elementor-widget elementor-widget-image\" data-id=\"6b1d52b\" data-element_type=\"widget\" data-widget_type=\"image.default\">\n\t\t\t\t<div class=\"elementor-widget-container\">\n\t\t\t\t\t\t\t\t\t\t\t\t\t\t\t<img decoding=\"async\" width=\"1024\" height=\"327\" src=\"https:\/\/ditrak.co\/wp-content\/uploads\/2024\/04\/Prancheta-4-1024x327.png\" class=\"attachment-large size-large wp-image-1312\" alt=\"\" srcset=\"https:\/\/ditrak.co\/wp-content\/uploads\/2024\/04\/Prancheta-4-1024x327.png 1024w, https:\/\/ditrak.co\/wp-content\/uploads\/2024\/04\/Prancheta-4-300x96.png 300w, https:\/\/ditrak.co\/wp-content\/uploads\/2024\/04\/Prancheta-4-768x245.png 768w, https:\/\/ditrak.co\/wp-content\/uploads\/2024\/04\/Prancheta-4-1536x490.png 1536w, https:\/\/ditrak.co\/wp-content\/uploads\/2024\/04\/Prancheta-4-2048x653.png 2048w\" sizes=\"(max-width: 1024px) 100vw, 1024px\" \/>\t\t\t\t\t\t\t\t\t\t\t\t\t\t\t<\/div>\n\t\t\t\t<\/div>\n\t\t\t\t<\/div>\n\t\t<div class=\"elementor-element elementor-element-a3c3254 e-con-full e-flex e-con e-child\" data-id=\"a3c3254\" data-element_type=\"container\">\n\t\t\t\t<div class=\"elementor-element elementor-element-7dc6956 elementor-widget elementor-widget-text-editor\" data-id=\"7dc6956\" data-element_type=\"widget\" data-widget_type=\"text-editor.default\">\n\t\t\t\t<div class=\"elementor-widget-container\">\n\t\t\t\t\t\t\t\t\t<p><b>ACTIZLAB<\/b> es\u00a0un LIMS (Sistema de gesti\u00f3n de informaci\u00f3n de laboratorio) de alto rendimiento que ofrece todo el control que un laboratorio necesita.\u00a0<\/p><p><b>ACTIZLAB <\/b>existe para democratizar el acceso a los sistemas de control de calidad contando con un software especializado en operaciones de control de calidad y\u00a0ganar centralidad, trazabilidad e integridad de datos, el cumplimiento normativo, seguridad, productividad y eficiencia.<\/p>\t\t\t\t\t\t\t\t<\/div>\n\t\t\t\t<\/div>\n\t\t\t\t<\/div>\n\t\t\t\t\t<\/div>\n\t\t\t\t<\/div>\n\t\t<div class=\"elementor-element elementor-element-ceb4729 e-flex e-con-boxed e-con e-parent\" data-id=\"ceb4729\" data-element_type=\"container\">\n\t\t\t\t\t<div class=\"e-con-inner\">\n\t\t\t\t<div class=\"elementor-element elementor-element-7e71c1a elementor-widget elementor-widget-image\" data-id=\"7e71c1a\" data-element_type=\"widget\" data-widget_type=\"image.default\">\n\t\t\t\t<div class=\"elementor-widget-container\">\n\t\t\t\t\t\t\t\t\t\t\t\t\t\t\t<img loading=\"lazy\" decoding=\"async\" width=\"1000\" height=\"614\" src=\"https:\/\/ditrak.co\/wp-content\/uploads\/2024\/04\/223.png\" class=\"attachment-large size-large wp-image-1871\" alt=\"\" srcset=\"https:\/\/ditrak.co\/wp-content\/uploads\/2024\/04\/223.png 1000w, https:\/\/ditrak.co\/wp-content\/uploads\/2024\/04\/223-300x184.png 300w, https:\/\/ditrak.co\/wp-content\/uploads\/2024\/04\/223-768x472.png 768w\" sizes=\"(max-width: 1000px) 100vw, 1000px\" \/>\t\t\t\t\t\t\t\t\t\t\t\t\t\t\t<\/div>\n\t\t\t\t<\/div>\n\t\t\t\t\t<\/div>\n\t\t\t\t<\/div>\n\t\t<div class=\"elementor-element elementor-element-f3f74a0 e-flex e-con-boxed e-con e-parent\" data-id=\"f3f74a0\" data-element_type=\"container\">\n\t\t\t\t\t<div class=\"e-con-inner\">\n\t\t<div class=\"elementor-element elementor-element-21be0f3 e-con-full e-flex e-con e-child\" data-id=\"21be0f3\" data-element_type=\"container\">\n\t\t\t\t<div class=\"elementor-element elementor-element-130ae64 elementor-widget elementor-widget-image\" data-id=\"130ae64\" data-element_type=\"widget\" data-widget_type=\"image.default\">\n\t\t\t\t<div class=\"elementor-widget-container\">\n\t\t\t\t\t\t\t\t\t\t\t\t\t\t\t<img loading=\"lazy\" decoding=\"async\" width=\"300\" height=\"300\" src=\"https:\/\/ditrak.co\/wp-content\/uploads\/2024\/04\/gigas.jpg\" class=\"attachment-large size-large wp-image-914\" alt=\"\" srcset=\"https:\/\/ditrak.co\/wp-content\/uploads\/2024\/04\/gigas.jpg 300w, https:\/\/ditrak.co\/wp-content\/uploads\/2024\/04\/gigas-150x150.jpg 150w, https:\/\/ditrak.co\/wp-content\/uploads\/2024\/04\/gigas-100x100.jpg 100w\" sizes=\"(max-width: 300px) 100vw, 300px\" \/>\t\t\t\t\t\t\t\t\t\t\t\t\t\t\t<\/div>\n\t\t\t\t<\/div>\n\t\t\t\t<\/div>\n\t\t<div class=\"elementor-element elementor-element-9a8988f e-con-full e-flex e-con e-child\" data-id=\"9a8988f\" data-element_type=\"container\">\n\t\t\t\t<div class=\"elementor-element elementor-element-eea708c elementor-widget elementor-widget-text-editor\" data-id=\"eea708c\" data-element_type=\"widget\" data-widget_type=\"text-editor.default\">\n\t\t\t\t<div class=\"elementor-widget-container\">\n\t\t\t\t\t\t\t\t\t<p><b>GIGAS<\/b> ofrece soluciones reunidas de nube, ciberseguridad e IT para la transformaci\u00f3n digital del negocio y, si quieres, servicios de administraci\u00f3n avanzados que gestiona un equipo de expertos y grandes profesionales.<\/p><p>Solo tenemos un prop\u00f3sito Tranquilidad-as-a-Service, para la continuidad de los negocios.<\/p>\t\t\t\t\t\t\t\t<\/div>\n\t\t\t\t<\/div>\n\t\t\t\t<\/div>\n\t\t\t\t\t<\/div>\n\t\t\t\t<\/div>\n\t\t<div class=\"elementor-element elementor-element-4a5fc10 e-flex e-con-boxed e-con e-parent\" data-id=\"4a5fc10\" data-element_type=\"container\">\n\t\t\t\t\t<div class=\"e-con-inner\">\n\t\t\t\t<div class=\"elementor-element elementor-element-5776266 elementor-widget elementor-widget-image\" data-id=\"5776266\" data-element_type=\"widget\" data-widget_type=\"image.default\">\n\t\t\t\t<div class=\"elementor-widget-container\">\n\t\t\t\t\t\t\t\t\t\t\t\t\t\t\t<img loading=\"lazy\" decoding=\"async\" width=\"1024\" height=\"683\" src=\"https:\/\/ditrak.co\/wp-content\/uploads\/2024\/04\/iStock-1230144854-1024x683.jpg\" class=\"attachment-large size-large wp-image-1875\" alt=\"\" srcset=\"https:\/\/ditrak.co\/wp-content\/uploads\/2024\/04\/iStock-1230144854-1024x683.jpg 1024w, https:\/\/ditrak.co\/wp-content\/uploads\/2024\/04\/iStock-1230144854-300x200.jpg 300w, https:\/\/ditrak.co\/wp-content\/uploads\/2024\/04\/iStock-1230144854-768x512.jpg 768w, https:\/\/ditrak.co\/wp-content\/uploads\/2024\/04\/iStock-1230144854.jpg 1253w\" sizes=\"(max-width: 1024px) 100vw, 1024px\" \/>\t\t\t\t\t\t\t\t\t\t\t\t\t\t\t<\/div>\n\t\t\t\t<\/div>\n\t\t\t\t\t<\/div>\n\t\t\t\t<\/div>\n\t\t<div class=\"elementor-element elementor-element-96d4b87 e-flex e-con-boxed e-con e-parent\" data-id=\"96d4b87\" data-element_type=\"container\">\n\t\t\t\t\t<div class=\"e-con-inner\">\n\t\t<div class=\"elementor-element elementor-element-36c26ef e-con-full e-flex e-con e-child\" data-id=\"36c26ef\" data-element_type=\"container\">\n\t\t\t\t<div class=\"elementor-element elementor-element-dbb9baf elementor-widget elementor-widget-image\" data-id=\"dbb9baf\" data-element_type=\"widget\" data-widget_type=\"image.default\">\n\t\t\t\t<div class=\"elementor-widget-container\">\n\t\t\t\t\t\t\t\t\t\t\t\t\t\t\t<img loading=\"lazy\" decoding=\"async\" width=\"300\" height=\"300\" src=\"https:\/\/ditrak.co\/wp-content\/uploads\/2024\/04\/ahora.jpg\" class=\"attachment-large size-large wp-image-844\" alt=\"\" srcset=\"https:\/\/ditrak.co\/wp-content\/uploads\/2024\/04\/ahora.jpg 300w, https:\/\/ditrak.co\/wp-content\/uploads\/2024\/04\/ahora-150x150.jpg 150w, https:\/\/ditrak.co\/wp-content\/uploads\/2024\/04\/ahora-100x100.jpg 100w\" sizes=\"(max-width: 300px) 100vw, 300px\" \/>\t\t\t\t\t\t\t\t\t\t\t\t\t\t\t<\/div>\n\t\t\t\t<\/div>\n\t\t\t\t<\/div>\n\t\t<div class=\"elementor-element elementor-element-74846b3 e-con-full e-flex e-con e-child\" data-id=\"74846b3\" data-element_type=\"container\">\n\t\t\t\t<div class=\"elementor-element elementor-element-30e72f3 elementor-widget elementor-widget-text-editor\" data-id=\"30e72f3\" data-element_type=\"widget\" data-widget_type=\"text-editor.default\">\n\t\t\t\t<div class=\"elementor-widget-container\">\n\t\t\t\t\t\t\t\t\t<p><b>AHORA<\/b>\u00a0es una ERP\u00a0 (Planificaci\u00f3n de Recursos Empresariales) potente que permite controlar el proceso principal y secundarios de la operaci\u00f3n como Compras, Viveros, Cultivos, Producci\u00f3n, Almacenes, Distribuci\u00f3n, CRM, Ventas, Contabilidad, Finanzas, RRHH, E-Commerce, Movilidad\u2026<br \/><br \/>Toda la informaci\u00f3n de tu organizaci\u00f3n en una \u00fanica, sencilla y potente herramienta a la que se suman la gesti\u00f3n de procesos, automatizaci\u00f3n, integraci\u00f3n de servicios y procesos colaborativos.<\/p>\t\t\t\t\t\t\t\t<\/div>\n\t\t\t\t<\/div>\n\t\t\t\t<\/div>\n\t\t\t\t\t<\/div>\n\t\t\t\t<\/div>\n\t\t<div class=\"elementor-element elementor-element-d4cfe43 e-flex e-con-boxed e-con e-parent\" data-id=\"d4cfe43\" data-element_type=\"container\">\n\t\t\t\t\t<div class=\"e-con-inner\">\n\t\t\t\t<div class=\"elementor-element elementor-element-7e8643c elementor-widget__width-inherit elementor-widget elementor-widget-image\" data-id=\"7e8643c\" data-element_type=\"widget\" data-widget_type=\"image.default\">\n\t\t\t\t<div class=\"elementor-widget-container\">\n\t\t\t\t\t\t\t\t\t\t\t\t\t\t\t<img loading=\"lazy\" decoding=\"async\" width=\"1024\" height=\"441\" src=\"https:\/\/ditrak.co\/wp-content\/uploads\/2024\/04\/erp-8012426_1280-1024x441.jpg\" class=\"attachment-large size-large wp-image-1869\" alt=\"\" srcset=\"https:\/\/ditrak.co\/wp-content\/uploads\/2024\/04\/erp-8012426_1280-1024x441.jpg 1024w, https:\/\/ditrak.co\/wp-content\/uploads\/2024\/04\/erp-8012426_1280-300x129.jpg 300w, https:\/\/ditrak.co\/wp-content\/uploads\/2024\/04\/erp-8012426_1280-768x331.jpg 768w, https:\/\/ditrak.co\/wp-content\/uploads\/2024\/04\/erp-8012426_1280.jpg 1280w\" sizes=\"(max-width: 1024px) 100vw, 1024px\" \/>\t\t\t\t\t\t\t\t\t\t\t\t\t\t\t<\/div>\n\t\t\t\t<\/div>\n\t\t\t\t\t<\/div>\n\t\t\t\t<\/div>\n\t\t\t\t<\/div>\n\t\t","protected":false},"excerpt":{"rendered":"<p>Software SPACE AG\u00a0es una empresa l\u00edder en el campo de la agro-tecnolog\u00eda. Impulsa una agricultura m\u00e1s eficiente y sostenible mediante la digitalizaci\u00f3n, automatizaci\u00f3n e integraci\u00f3n de datos. Ofrece herramientas avanzadas que permiten a los agricultores mejorar la productividad, reducir costos y optimizar el uso de recursos, facilitando la toma de decisiones informadas desde una plataforma [&hellip;]<\/p>\n","protected":false},"author":1,"featured_media":0,"parent":0,"menu_order":0,"comment_status":"closed","ping_status":"closed","template":"","meta":{"_acf_changed":false,"footnotes":""},"class_list":["post-1297","page","type-page","status-publish","hentry"],"acf":[],"_links":{"self":[{"href":"https:\/\/ditrak.co\/index.php\/wp-json\/wp\/v2\/pages\/1297","targetHints":{"allow":["GET"]}}],"collection":[{"href":"https:\/\/ditrak.co\/index.php\/wp-json\/wp\/v2\/pages"}],"about":[{"href":"https:\/\/ditrak.co\/index.php\/wp-json\/wp\/v2\/types\/page"}],"author":[{"embeddable":true,"href":"https:\/\/ditrak.co\/index.php\/wp-json\/wp\/v2\/users\/1"}],"replies":[{"embeddable":true,"href":"https:\/\/ditrak.co\/index.php\/wp-json\/wp\/v2\/comments?post=1297"}],"version-history":[{"count":37,"href":"https:\/\/ditrak.co\/index.php\/wp-json\/wp\/v2\/pages\/1297\/revisions"}],"predecessor-version":[{"id":2137,"href":"https:\/\/ditrak.co\/index.php\/wp-json\/wp\/v2\/pages\/1297\/revisions\/2137"}],"wp:attachment":[{"href":"https:\/\/ditrak.co\/index.php\/wp-json\/wp\/v2\/media?parent=1297"}],"curies":[{"name":"wp","href":"https:\/\/api.w.org\/{rel}","templated":true}]}}