{"id":1330,"date":"2024-04-22T10:27:55","date_gmt":"2024-04-22T15:27:55","guid":{"rendered":"https:\/\/ditrak.co\/?page_id=1330"},"modified":"2024-04-30T08:38:06","modified_gmt":"2024-04-30T13:38:06","slug":"master-products","status":"publish","type":"page","link":"https:\/\/ditrak.co\/index.php\/master-products\/","title":{"rendered":"Master Products"},"content":{"rendered":"\t\t<div data-elementor-type=\"wp-page\" data-elementor-id=\"1330\" class=\"elementor elementor-1330\">\n\t\t\t\t\t\t<section class=\"elementor-section elementor-top-section elementor-element elementor-element-28d815d9 elementor-section-full_width elementor-section-stretched elementor-section-height-default elementor-section-height-default elementor-invisible\" data-id=\"28d815d9\" data-element_type=\"section\" data-settings=\"{&quot;background_background&quot;:&quot;classic&quot;,&quot;animation&quot;:&quot;slideInUp&quot;,&quot;animation_delay&quot;:&quot;0.6&quot;,&quot;stretch_section&quot;:&quot;section-stretched&quot;}\">\n\t\t\t\t\t\t\t<div class=\"elementor-background-overlay\"><\/div>\n\t\t\t\t\t\t\t<div class=\"elementor-container elementor-column-gap-default\">\n\t\t\t\t\t<div class=\"elementor-column elementor-col-100 elementor-top-column elementor-element elementor-element-2c1e7c0b\" data-id=\"2c1e7c0b\" data-element_type=\"column\">\n\t\t\t<div class=\"elementor-widget-wrap elementor-element-populated\">\n\t\t\t\t\t\t<div class=\"elementor-element elementor-element-2e203724 elementor-align-center elementor-widget elementor-widget-raven-heading\" data-id=\"2e203724\" data-element_type=\"widget\" data-widget_type=\"raven-heading.default\">\n\t\t\t\t<div class=\"elementor-widget-container\">\n\t\t\t\t\t\t\t<div class=\"raven-widget-wrapper\"><h1 class=\"raven-heading raven-heading-h1 raven-heading-rovi-single\"><span class=\"raven-heading-title \">Master Products<\/span><\/h1><\/div>\n\t\t\t\t\t\t<\/div>\n\t\t\t\t<\/div>\n\t\t\t\t\t<\/div>\n\t\t<\/div>\n\t\t\t\t\t<\/div>\n\t\t<\/section>\n\t\t<div class=\"elementor-element elementor-element-9c1a775 e-flex e-con-boxed e-con e-parent\" data-id=\"9c1a775\" data-element_type=\"container\">\n\t\t\t\t\t<div class=\"e-con-inner\">\n\t\t<div class=\"elementor-element elementor-element-0b6267c e-con-full e-flex e-con e-child\" data-id=\"0b6267c\" data-element_type=\"container\">\n\t\t\t\t<div class=\"elementor-element elementor-element-721cff9 elementor-widget elementor-widget-image\" data-id=\"721cff9\" data-element_type=\"widget\" data-widget_type=\"image.default\">\n\t\t\t\t<div class=\"elementor-widget-container\">\n\t\t\t\t\t\t\t\t\t\t\t\t\t\t\t<img fetchpriority=\"high\" decoding=\"async\" width=\"1024\" height=\"188\" src=\"https:\/\/ditrak.co\/wp-content\/uploads\/2024\/04\/MP-Logotip_png-1024x188-1.png\" class=\"attachment-large size-large wp-image-1337\" alt=\"\" srcset=\"https:\/\/ditrak.co\/wp-content\/uploads\/2024\/04\/MP-Logotip_png-1024x188-1.png 1024w, https:\/\/ditrak.co\/wp-content\/uploads\/2024\/04\/MP-Logotip_png-1024x188-1-300x55.png 300w, https:\/\/ditrak.co\/wp-content\/uploads\/2024\/04\/MP-Logotip_png-1024x188-1-768x141.png 768w\" sizes=\"(max-width: 1024px) 100vw, 1024px\" \/>\t\t\t\t\t\t\t\t\t\t\t\t\t\t\t<\/div>\n\t\t\t\t<\/div>\n\t\t\t\t<\/div>\n\t\t<div class=\"elementor-element elementor-element-43cc30d e-con-full e-flex e-con e-child\" data-id=\"43cc30d\" data-element_type=\"container\">\n\t\t\t\t<div class=\"elementor-element elementor-element-8733c4a elementor-widget elementor-widget-text-editor\" data-id=\"8733c4a\" data-element_type=\"widget\" data-widget_type=\"text-editor.default\">\n\t\t\t\t<div class=\"elementor-widget-container\">\n\t\t\t\t\t\t\t\t\t<p><b>MASTER PRODUCTS<\/b> es una compa\u00f1\u00eda de dise\u00f1o y fabricaci\u00f3n de los mejores equipos para procesar cannabis medicinal y c\u00e1\u00f1amo industrial.<\/p><p>Desde 2012 trabaja para ofrecer las mejores m\u00e1quinas a los productores de cannabis m\u00e1s exigentes, alcanzando los est\u00e1ndares de fabricaci\u00f3n europea y las certificaciones GMP y Food Quality.<\/p>\t\t\t\t\t\t\t\t<\/div>\n\t\t\t\t<\/div>\n\t\t\t\t<\/div>\n\t\t\t\t\t<\/div>\n\t\t\t\t<\/div>\n\t\t<div class=\"elementor-element elementor-element-d5f5d18 e-flex e-con-boxed e-con e-parent\" data-id=\"d5f5d18\" data-element_type=\"container\">\n\t\t\t\t\t<div class=\"e-con-inner\">\n\t\t<div class=\"elementor-element elementor-element-c57dc7f e-con-full e-flex e-con e-child\" data-id=\"c57dc7f\" data-element_type=\"container\">\n\t\t\t\t<div class=\"elementor-element elementor-element-a8bf912 elementor-widget elementor-widget-heading\" data-id=\"a8bf912\" data-element_type=\"widget\" data-widget_type=\"heading.default\">\n\t\t\t\t<div class=\"elementor-widget-container\">\n\t\t\t\t\t<h2 class=\"elementor-heading-title elementor-size-default\">GAMA\u00a0PROFESSIONAL\n<\/h2>\t\t\t\t<\/div>\n\t\t\t\t<\/div>\n\t\t\t\t<div class=\"elementor-element elementor-element-a21dd5f elementor-widget elementor-widget-image\" data-id=\"a21dd5f\" data-element_type=\"widget\" data-widget_type=\"image.default\">\n\t\t\t\t<div class=\"elementor-widget-container\">\n\t\t\t\t\t\t\t\t\t\t\t\t\t\t\t<img decoding=\"async\" width=\"1024\" height=\"614\" src=\"https:\/\/ditrak.co\/wp-content\/uploads\/2024\/04\/01Imagen-1-1024x614.png\" class=\"attachment-large size-large wp-image-1341\" alt=\"\" srcset=\"https:\/\/ditrak.co\/wp-content\/uploads\/2024\/04\/01Imagen-1-1024x614.png 1024w, https:\/\/ditrak.co\/wp-content\/uploads\/2024\/04\/01Imagen-1-300x180.png 300w, https:\/\/ditrak.co\/wp-content\/uploads\/2024\/04\/01Imagen-1-768x461.png 768w, https:\/\/ditrak.co\/wp-content\/uploads\/2024\/04\/01Imagen-1.png 1152w\" sizes=\"(max-width: 1024px) 100vw, 1024px\" \/>\t\t\t\t\t\t\t\t\t\t\t\t\t\t\t<\/div>\n\t\t\t\t<\/div>\n\t\t\t\t<div class=\"elementor-element elementor-element-85af73a elementor-widget elementor-widget-text-editor\" data-id=\"85af73a\" data-element_type=\"widget\" data-widget_type=\"text-editor.default\">\n\t\t\t\t<div class=\"elementor-widget-container\">\n\t\t\t\t\t\t\t\t\t<p>Descubre nuestras m\u00e1quinas de postcosecha para el tratamiento del cannabis y c\u00e1\u00f1amo industrial. Soluciones vers\u00e1tiles que automatizan y facilitan todo el proceso productivo.<\/p>\t\t\t\t\t\t\t\t<\/div>\n\t\t\t\t<\/div>\n\t\t\t\t<\/div>\n\t\t<div class=\"elementor-element elementor-element-9b8a7aa e-con-full e-flex e-con e-child\" data-id=\"9b8a7aa\" data-element_type=\"container\">\n\t\t\t\t<div class=\"elementor-element elementor-element-954d199 elementor-widget elementor-widget-heading\" data-id=\"954d199\" data-element_type=\"widget\" data-widget_type=\"heading.default\">\n\t\t\t\t<div class=\"elementor-widget-container\">\n\t\t\t\t\t<h2 class=\"elementor-heading-title elementor-size-default\">GAMA\u00a0MEDICAL\n\n<\/h2>\t\t\t\t<\/div>\n\t\t\t\t<\/div>\n\t\t\t\t<div class=\"elementor-element elementor-element-b111dfc elementor-widget elementor-widget-image\" data-id=\"b111dfc\" data-element_type=\"widget\" data-widget_type=\"image.default\">\n\t\t\t\t<div class=\"elementor-widget-container\">\n\t\t\t\t\t\t\t\t\t\t\t\t\t\t\t<img decoding=\"async\" width=\"970\" height=\"647\" src=\"https:\/\/ditrak.co\/wp-content\/uploads\/2024\/04\/02Imagen-1.png\" class=\"attachment-large size-large wp-image-1345\" alt=\"\" srcset=\"https:\/\/ditrak.co\/wp-content\/uploads\/2024\/04\/02Imagen-1.png 970w, https:\/\/ditrak.co\/wp-content\/uploads\/2024\/04\/02Imagen-1-300x200.png 300w, https:\/\/ditrak.co\/wp-content\/uploads\/2024\/04\/02Imagen-1-768x512.png 768w\" sizes=\"(max-width: 970px) 100vw, 970px\" \/>\t\t\t\t\t\t\t\t\t\t\t\t\t\t\t<\/div>\n\t\t\t\t<\/div>\n\t\t\t\t<div class=\"elementor-element elementor-element-70bee6b elementor-widget elementor-widget-text-editor\" data-id=\"70bee6b\" data-element_type=\"widget\" data-widget_type=\"text-editor.default\">\n\t\t\t\t<div class=\"elementor-widget-container\">\n\t\t\t\t\t\t\t\t\t<p>Equipos especialmente fabricados para cultivadores de cannabis con fines medicinales, con garant\u00eda de calidad y seguridad que cumplen con los requerimientos GMP. Documentaci\u00f3n de validaci\u00f3n IQ&amp;OQ disponible.<\/p>\t\t\t\t\t\t\t\t<\/div>\n\t\t\t\t<\/div>\n\t\t\t\t<\/div>\n\t\t\t\t\t<\/div>\n\t\t\t\t<\/div>\n\t\t<div class=\"elementor-element elementor-element-32479b0 e-flex e-con-boxed e-con e-parent\" data-id=\"32479b0\" data-element_type=\"container\">\n\t\t\t\t\t<div class=\"e-con-inner\">\n\t\t\t\t<div class=\"elementor-element elementor-element-ce0295e elementor-widget elementor-widget-image\" data-id=\"ce0295e\" data-element_type=\"widget\" data-widget_type=\"image.default\">\n\t\t\t\t<div class=\"elementor-widget-container\">\n\t\t\t\t\t\t\t\t\t\t\t\t\t\t\t<img loading=\"lazy\" decoding=\"async\" width=\"1024\" height=\"423\" src=\"https:\/\/ditrak.co\/wp-content\/uploads\/2024\/04\/Imagen-1-1-1024x423.png\" class=\"attachment-large size-large wp-image-1464\" alt=\"\" srcset=\"https:\/\/ditrak.co\/wp-content\/uploads\/2024\/04\/Imagen-1-1-1024x423.png 1024w, https:\/\/ditrak.co\/wp-content\/uploads\/2024\/04\/Imagen-1-1-300x124.png 300w, https:\/\/ditrak.co\/wp-content\/uploads\/2024\/04\/Imagen-1-1-768x317.png 768w, https:\/\/ditrak.co\/wp-content\/uploads\/2024\/04\/Imagen-1-1-1536x635.png 1536w, https:\/\/ditrak.co\/wp-content\/uploads\/2024\/04\/Imagen-1-1.png 1924w\" sizes=\"(max-width: 1024px) 100vw, 1024px\" \/>\t\t\t\t\t\t\t\t\t\t\t\t\t\t\t<\/div>\n\t\t\t\t<\/div>\n\t\t\t\t\t<\/div>\n\t\t\t\t<\/div>\n\t\t<div class=\"elementor-element elementor-element-f2aeb5f e-flex e-con-boxed e-con e-parent\" data-id=\"f2aeb5f\" data-element_type=\"container\">\n\t\t\t\t\t<div class=\"e-con-inner\">\n\t\t\t\t\t<\/div>\n\t\t\t\t<\/div>\n\t\t<div class=\"elementor-element elementor-element-88e4d4b e-flex e-con-boxed e-con e-parent\" data-id=\"88e4d4b\" data-element_type=\"container\">\n\t\t\t\t\t<div class=\"e-con-inner\">\n\t\t<div class=\"elementor-element elementor-element-776beb7 e-con-full e-flex e-con e-child\" data-id=\"776beb7\" data-element_type=\"container\">\n\t\t\t\t<div class=\"elementor-element elementor-element-b2024d3 elementor-align-center elementor-widget elementor-widget-button\" data-id=\"b2024d3\" data-element_type=\"widget\" data-widget_type=\"button.default\">\n\t\t\t\t<div class=\"elementor-widget-container\">\n\t\t\t\t\t\t\t\t\t<div class=\"elementor-button-wrapper\">\n\t\t\t\t\t<a class=\"elementor-button elementor-button-link elementor-size-sm\" href=\"https:\/\/ditrak.co\/index.php\/manicurado-trimming\/\">\n\t\t\t\t\t\t<span class=\"elementor-button-content-wrapper\">\n\t\t\t\t\t\t\t\t\t<span class=\"elementor-button-text\">Manicurado \/ Trimming<\/span>\n\t\t\t\t\t<\/span>\n\t\t\t\t\t<\/a>\n\t\t\t\t<\/div>\n\t\t\t\t\t\t\t\t<\/div>\n\t\t\t\t<\/div>\n\t\t\t\t<\/div>\n\t\t<div class=\"elementor-element elementor-element-f378e8f e-con-full e-flex e-con e-child\" data-id=\"f378e8f\" data-element_type=\"container\">\n\t\t\t\t<div class=\"elementor-element elementor-element-10d83bd elementor-align-center elementor-widget elementor-widget-button\" data-id=\"10d83bd\" data-element_type=\"widget\" data-widget_type=\"button.default\">\n\t\t\t\t<div class=\"elementor-widget-container\">\n\t\t\t\t\t\t\t\t\t<div class=\"elementor-button-wrapper\">\n\t\t\t\t\t<a class=\"elementor-button elementor-button-link elementor-size-sm\" href=\"https:\/\/ditrak.co\/index.php\/lineas-de-produccion\/\">\n\t\t\t\t\t\t<span class=\"elementor-button-content-wrapper\">\n\t\t\t\t\t\t\t\t\t<span class=\"elementor-button-text\">L\u00edneas de producci\u00f3n<\/span>\n\t\t\t\t\t<\/span>\n\t\t\t\t\t<\/a>\n\t\t\t\t<\/div>\n\t\t\t\t\t\t\t\t<\/div>\n\t\t\t\t<\/div>\n\t\t\t\t<\/div>\n\t\t<div class=\"elementor-element elementor-element-918171e e-con-full e-flex e-con e-child\" data-id=\"918171e\" data-element_type=\"container\">\n\t\t\t\t<div class=\"elementor-element elementor-element-c6e1e80 elementor-align-center elementor-widget elementor-widget-button\" data-id=\"c6e1e80\" data-element_type=\"widget\" data-widget_type=\"button.default\">\n\t\t\t\t<div class=\"elementor-widget-container\">\n\t\t\t\t\t\t\t\t\t<div class=\"elementor-button-wrapper\">\n\t\t\t\t\t<a class=\"elementor-button elementor-button-link elementor-size-sm\" href=\"https:\/\/ditrak.co\/index.php\/despalilladora-clasificadoras-molinos\/\">\n\t\t\t\t\t\t<span class=\"elementor-button-content-wrapper\">\n\t\t\t\t\t\t\t\t\t<span class=\"elementor-button-text\">Despalilladora, Clasificadoras, Molinos<\/span>\n\t\t\t\t\t<\/span>\n\t\t\t\t\t<\/a>\n\t\t\t\t<\/div>\n\t\t\t\t\t\t\t\t<\/div>\n\t\t\t\t<\/div>\n\t\t\t\t<\/div>\n\t\t<div class=\"elementor-element elementor-element-a53b401 e-con-full e-flex e-con e-child\" data-id=\"a53b401\" data-element_type=\"container\">\n\t\t\t\t<div class=\"elementor-element elementor-element-f2d412d elementor-widget elementor-widget-image\" data-id=\"f2d412d\" data-element_type=\"widget\" data-settings=\"{&quot;raven_motion_effects_mouse&quot;:&quot;yes&quot;,&quot;raven_motion_effects_tilt_fx&quot;:&quot;yes&quot;,&quot;raven_motion_effects_tilt_fx_intensity&quot;:{&quot;unit&quot;:&quot;px&quot;,&quot;size&quot;:3,&quot;sizes&quot;:[]}}\" data-widget_type=\"image.default\">\n\t\t\t\t<div class=\"elementor-widget-container\">\n\t\t\t\t\t\t\t\t\t\t\t\t\t\t\t<img loading=\"lazy\" decoding=\"async\" width=\"1024\" height=\"921\" src=\"https:\/\/ditrak.co\/wp-content\/uploads\/2024\/04\/MTTUMBLER800MED_1-1024x921.png\" class=\"attachment-large size-large wp-image-1628\" alt=\"\" srcset=\"https:\/\/ditrak.co\/wp-content\/uploads\/2024\/04\/MTTUMBLER800MED_1-1024x921.png 1024w, https:\/\/ditrak.co\/wp-content\/uploads\/2024\/04\/MTTUMBLER800MED_1-300x270.png 300w, https:\/\/ditrak.co\/wp-content\/uploads\/2024\/04\/MTTUMBLER800MED_1-768x691.png 768w, https:\/\/ditrak.co\/wp-content\/uploads\/2024\/04\/MTTUMBLER800MED_1.png 1172w\" sizes=\"(max-width: 1024px) 100vw, 1024px\" \/>\t\t\t\t\t\t\t\t\t\t\t\t\t\t\t<\/div>\n\t\t\t\t<\/div>\n\t\t\t\t<\/div>\n\t\t<div class=\"elementor-element elementor-element-6f43a72 e-con-full e-flex e-con e-child\" data-id=\"6f43a72\" data-element_type=\"container\">\n\t\t\t\t<div class=\"elementor-element elementor-element-f32b9d9 elementor-widget elementor-widget-image\" data-id=\"f32b9d9\" data-element_type=\"widget\" data-settings=\"{&quot;raven_motion_effects_mouse&quot;:&quot;yes&quot;,&quot;raven_motion_effects_tilt_fx&quot;:&quot;yes&quot;,&quot;raven_motion_effects_tilt_fx_intensity&quot;:{&quot;unit&quot;:&quot;px&quot;,&quot;size&quot;:3,&quot;sizes&quot;:[]}}\" data-widget_type=\"image.default\">\n\t\t\t\t<div class=\"elementor-widget-container\">\n\t\t\t\t\t\t\t\t\t\t\t\t\t\t\t<img loading=\"lazy\" decoding=\"async\" width=\"1024\" height=\"846\" src=\"https:\/\/ditrak.co\/wp-content\/uploads\/2024\/04\/gama-professional-1024x846.jpg\" class=\"attachment-large size-large wp-image-1752\" alt=\"\" srcset=\"https:\/\/ditrak.co\/wp-content\/uploads\/2024\/04\/gama-professional-1024x846.jpg 1024w, https:\/\/ditrak.co\/wp-content\/uploads\/2024\/04\/gama-professional-300x248.jpg 300w, https:\/\/ditrak.co\/wp-content\/uploads\/2024\/04\/gama-professional-768x634.jpg 768w, https:\/\/ditrak.co\/wp-content\/uploads\/2024\/04\/gama-professional.jpg 1500w\" sizes=\"(max-width: 1024px) 100vw, 1024px\" \/>\t\t\t\t\t\t\t\t\t\t\t\t\t\t\t<\/div>\n\t\t\t\t<\/div>\n\t\t\t\t<\/div>\n\t\t<div class=\"elementor-element elementor-element-e797ef6 e-con-full e-flex e-con e-child\" data-id=\"e797ef6\" data-element_type=\"container\">\n\t\t\t\t<div class=\"elementor-element elementor-element-1a69983 elementor-widget elementor-widget-image\" data-id=\"1a69983\" data-element_type=\"widget\" data-settings=\"{&quot;raven_motion_effects_mouse&quot;:&quot;yes&quot;,&quot;raven_motion_effects_tilt_fx&quot;:&quot;yes&quot;,&quot;raven_motion_effects_tilt_fx_intensity&quot;:{&quot;unit&quot;:&quot;px&quot;,&quot;size&quot;:3,&quot;sizes&quot;:[]}}\" data-widget_type=\"image.default\">\n\t\t\t\t<div class=\"elementor-widget-container\">\n\t\t\t\t\t\t\t\t\t\t\t\t\t\t\t<img loading=\"lazy\" decoding=\"async\" width=\"629\" height=\"849\" src=\"https:\/\/ditrak.co\/wp-content\/uploads\/2024\/04\/WhatsApp-Image-2024-04-26-at-21.16.26.jpeg\" class=\"attachment-large size-large wp-image-1786\" alt=\"\" srcset=\"https:\/\/ditrak.co\/wp-content\/uploads\/2024\/04\/WhatsApp-Image-2024-04-26-at-21.16.26.jpeg 629w, https:\/\/ditrak.co\/wp-content\/uploads\/2024\/04\/WhatsApp-Image-2024-04-26-at-21.16.26-222x300.jpeg 222w\" sizes=\"(max-width: 629px) 100vw, 629px\" \/>\t\t\t\t\t\t\t\t\t\t\t\t\t\t\t<\/div>\n\t\t\t\t<\/div>\n\t\t\t\t<\/div>\n\t\t\t\t\t<\/div>\n\t\t\t\t<\/div>\n\t\t\t\t<\/div>\n\t\t","protected":false},"excerpt":{"rendered":"<p>Master Products MASTER PRODUCTS es una compa\u00f1\u00eda de dise\u00f1o y fabricaci\u00f3n de los mejores equipos para procesar cannabis medicinal y c\u00e1\u00f1amo industrial. Desde 2012 trabaja para ofrecer las mejores m\u00e1quinas a los productores de cannabis m\u00e1s exigentes, alcanzando los est\u00e1ndares de fabricaci\u00f3n europea y las certificaciones GMP y Food Quality. GAMA\u00a0PROFESSIONAL Descubre nuestras m\u00e1quinas de [&hellip;]<\/p>\n","protected":false},"author":1,"featured_media":0,"parent":0,"menu_order":0,"comment_status":"closed","ping_status":"closed","template":"","meta":{"_acf_changed":false,"footnotes":""},"class_list":["post-1330","page","type-page","status-publish","hentry"],"acf":[],"_links":{"self":[{"href":"https:\/\/ditrak.co\/index.php\/wp-json\/wp\/v2\/pages\/1330","targetHints":{"allow":["GET"]}}],"collection":[{"href":"https:\/\/ditrak.co\/index.php\/wp-json\/wp\/v2\/pages"}],"about":[{"href":"https:\/\/ditrak.co\/index.php\/wp-json\/wp\/v2\/types\/page"}],"author":[{"embeddable":true,"href":"https:\/\/ditrak.co\/index.php\/wp-json\/wp\/v2\/users\/1"}],"replies":[{"embeddable":true,"href":"https:\/\/ditrak.co\/index.php\/wp-json\/wp\/v2\/comments?post=1330"}],"version-history":[{"count":112,"href":"https:\/\/ditrak.co\/index.php\/wp-json\/wp\/v2\/pages\/1330\/revisions"}],"predecessor-version":[{"id":1934,"href":"https:\/\/ditrak.co\/index.php\/wp-json\/wp\/v2\/pages\/1330\/revisions\/1934"}],"wp:attachment":[{"href":"https:\/\/ditrak.co\/index.php\/wp-json\/wp\/v2\/media?parent=1330"}],"curies":[{"name":"wp","href":"https:\/\/api.w.org\/{rel}","templated":true}]}}