{"id":940,"date":"2024-04-10T21:06:19","date_gmt":"2024-04-11T02:06:19","guid":{"rendered":"https:\/\/ditrak.co\/?page_id=940"},"modified":"2024-05-31T08:45:16","modified_gmt":"2024-05-31T13:45:16","slug":"politica-de-tratamiento-de-datos-personales","status":"publish","type":"page","link":"https:\/\/ditrak.co\/index.php\/politica-de-tratamiento-de-datos-personales\/","title":{"rendered":"Pol\u00edtica de tratamiento de\u00a0datos personales"},"content":{"rendered":"\t\t<div data-elementor-type=\"wp-page\" data-elementor-id=\"940\" class=\"elementor elementor-940\">\n\t\t\t\t\t\t<section class=\"elementor-section elementor-top-section elementor-element elementor-element-36138ca5 elementor-section-full_width elementor-section-stretched elementor-section-height-default elementor-section-height-default elementor-invisible\" data-id=\"36138ca5\" data-element_type=\"section\" data-e-type=\"section\" data-settings=\"{&quot;background_background&quot;:&quot;classic&quot;,&quot;animation&quot;:&quot;slideInUp&quot;,&quot;animation_delay&quot;:&quot;0.6&quot;,&quot;stretch_section&quot;:&quot;section-stretched&quot;}\">\n\t\t\t\t\t\t\t<div class=\"elementor-background-overlay\"><\/div>\n\t\t\t\t\t\t\t<div class=\"elementor-container elementor-column-gap-default\">\n\t\t\t\t\t<div class=\"elementor-column elementor-col-100 elementor-top-column elementor-element elementor-element-61ccb91c\" data-id=\"61ccb91c\" data-element_type=\"column\" data-e-type=\"column\">\n\t\t\t<div class=\"elementor-widget-wrap elementor-element-populated\">\n\t\t\t\t\t\t<div class=\"elementor-element elementor-element-75568501 elementor-align-center elementor-widget elementor-widget-raven-heading\" data-id=\"75568501\" data-element_type=\"widget\" data-e-type=\"widget\" data-widget_type=\"raven-heading.default\">\n\t\t\t\t<div class=\"elementor-widget-container\">\n\t\t\t\t\t\t\t<div class=\"raven-widget-wrapper\"><h1 class=\"raven-heading raven-heading-h1\"><span class=\"raven-heading-title \">Pol\u00edtica de tratamiento de\u00a0datos personales<\/span><\/h1><\/div>\n\t\t\t\t\t\t<\/div>\n\t\t\t\t<\/div>\n\t\t\t\t\t<\/div>\n\t\t<\/div>\n\t\t\t\t\t<\/div>\n\t\t<\/section>\n\t\t<div class=\"elementor-element elementor-element-8e5c81a e-flex e-con-boxed e-con e-parent\" data-id=\"8e5c81a\" data-element_type=\"container\" data-e-type=\"container\">\n\t\t\t\t\t<div class=\"e-con-inner\">\n\t\t\t\t<div class=\"elementor-element elementor-element-79c58ef elementor-widget elementor-widget-heading\" data-id=\"79c58ef\" data-element_type=\"widget\" data-e-type=\"widget\" data-widget_type=\"heading.default\">\n\t\t\t\t<div class=\"elementor-widget-container\">\n\t\t\t\t\t<h2 class=\"elementor-heading-title elementor-size-default\">Identificaci\u00f3n del Responsable del Tratamiento<\/h2>\t\t\t\t<\/div>\n\t\t\t\t<\/div>\n\t\t\t\t<div class=\"elementor-element elementor-element-d244823 elementor-widget elementor-widget-text-editor\" data-id=\"d244823\" data-element_type=\"widget\" data-e-type=\"widget\" data-widget_type=\"text-editor.default\">\n\t\t\t\t<div class=\"elementor-widget-container\">\n\t\t\t\t\t\t\t\t\t<ol>\n<li>\n<h2><b>INTRODUCCI\u00d3N<\/b><\/h2>\n<\/li>\n<\/ol>\n<p>En virtud de la Ley 1581 de 2012 (Art. 17 Lt. k y Art.18 Lt. f) y del Decreto \u00fanico 1074 de 2015 en sus cap\u00edtulos 25 y 26 mediante los cuales se dictan disposiciones para la protecci\u00f3n de datos personales y en el desarrollo del derecho constitucional que tienen todas las personas a conocer, actualizar y rectificar la informaci\u00f3n que se haya recogido sobre ellas en bases de datos o archivos, DITRAK SAS en calidad de responsable del tratamiento de los datos personales que se han obtenido en el desarrollo de su actividad misional de suministro y servicio de soporte de maquinaria, equipos y software, le informa a sus grupos de inter\u00e9s conformado por clientes, empleados, contratistas, entidades responsables de pago y las entidades de inspecci\u00f3n, vigilancia y control, que se compromete con el cumplimiento de la normativa mencionada y la protecci\u00f3n de los derechos de las personas adoptando las siguientes pol\u00edticas sobre recolecci\u00f3n, tratamiento y uso de datos personales.<\/p>\n<p>\u00a0<\/p>\n<ol start=\"2\">\n<li>\n<h2><b>Responsable del tratamiento de datos<\/b><\/h2>\n<\/li>\n<\/ol>\n<p>La empresa DITRAK OPERACIONES Y AUTOMATIZACIONES SAS, constituida y existente bajo las leyes de la Rep\u00fablica de Colombia, en adelante\u00a0DITRAK SAS dedicada al suministro y servicio de soporte de maquinaria, equipos y software, actuando como responsable del tratamiento de los datos obtenidos de sus diferentes grupos de inter\u00e9s, se identifica a trav\u00e9s de los siguientes datos:<\/p>\n<p>\u00a0<\/p>\n<ul>\n<li>Raz\u00f3n social: DITRAK OPERACIONES Y AUTOMATIZACIONES SAS<\/li>\n<li>Sigla: DITRAK SAS<\/li>\n<li>Nit: 901.814.608-1<\/li>\n<li>Direcci\u00f3n del domicilio principal: Cr 37 B No 12 \u2013 22<\/li>\n<li>Domicilio principal: Bogot\u00e1 D.C. Colombia<\/li>\n<li>Portal web: https:\/\/ditrak.co\/<\/li>\n<li>Correo personal: <a href=\"mailto:diego.cardenas@ditrak.com\">cardenas@ditrak.co<\/a><\/li>\n<li>Tel\u00e9fono: 3123902778<\/li>\n<\/ul>\n<ol start=\"3\">\n<li>\n<h2>Definiciones<\/h2>\n<\/li>\n<\/ol>\n<ul>\n<li>Autorizaci\u00f3n:\u00a0consentimiento previo, expreso e informado del Titular para llevar a cabo el Tratamiento de datos personales.<\/li>\n<li>Base de Datos:\u00a0conjunto organizado de datos personales que sea objeto de Tratamiento.<\/li>\n<li>Dato personal:\u00a0cualquier informaci\u00f3n vinculada o que pueda asociarse a una o a varias personas naturales determinadas o determinables.<\/li>\n<li>Dato personal semiprivado: son aquellos datos que no tienen una naturaleza \u00edntima, reservada, ni p\u00fablica y cuyo conocimiento o divulgaci\u00f3n puede interesar no solo a su titular, sino a un grupo de personas o a la sociedad en general. En este caso, para su tratamiento se requiere la autorizaci\u00f3n expresa del Titular de la informaci\u00f3n. Por ejemplo: datos de car\u00e1cter financiero, datos relativos a las relaciones con las entidades de seguridad social (EPS, AFP, ARL, Cajas de Compensaci\u00f3n).<\/li>\n<li>Dato personal sensible:\u00a0son aquellos que afectan la intimidad del Titular o cuyo uso indebido puede generar su discriminaci\u00f3n, tales como aquellos que revelen el origen racial o \u00e9tnico, la orientaci\u00f3n pol\u00edtica, las convicciones religiosas o filos\u00f3ficas, la pertenencia a sindicatos, organizaciones sociales, de derechos humanos o que promueva intereses de cualquier partido pol\u00edtico o que garanticen los derechos y garant\u00edas de partidos pol\u00edticos de oposici\u00f3n as\u00ed como los datos relativos a la salud, a la vida sexual y los datos biom\u00e9tricos.<\/li>\n<li>Dato personal privado:\u00a0es un dato personal que por su naturaleza \u00edntima o reservada solo interesa a su Titular y para su tratamiento requiere de su autorizaci\u00f3n expresa. Por ejemplo: Nivel de escolaridad, libros de los comerciantes, entre otros.<\/li>\n<li>Dato personal p\u00fablico:\u00a0es aquel tipo de dato personal que las normas y la Constituci\u00f3n han determinado expresamente como p\u00fablicos y, para cuya recolecci\u00f3n y tratamiento, no es necesaria la autorizaci\u00f3n del Titular de la informaci\u00f3n. Por ejemplo: estado civil de las personas, datos contenidos del RUNT, datos contenidos en sentencias judiciales ejecutoriadas, entre otros.<\/li>\n<li>Encargado del Tratamiento:\u00a0persona natural o jur\u00eddica, p\u00fablica o privada, que por s\u00ed misma o en asocio con otros, realice el Tratamiento de datos personales por cuenta del Responsable del Tratamiento<\/li>\n<li>Responsable del Tratamiento:\u00a0persona natural o jur\u00eddica, p\u00fablica o privada, que por s\u00ed misma o en asocio con otros, decida sobre la base de datos y\/o el Tratamiento de los datos.<\/li>\n<li>Titular:\u00a0persona natural cuyos datos personales sean objeto de Tratamiento.<\/li>\n<li>Tratamiento:\u00a0cualquier operaci\u00f3n o conjunto de operaciones sobre datos personales, tales como la recolecci\u00f3n, almacenamiento, uso, circulaci\u00f3n o supresi\u00f3n.<\/li>\n<\/ul>\n<ol start=\"4\">\n<li>\n<h2>Pol\u00edtica de tratamiento de datos<\/h2>\n<\/li>\n<\/ol>\n<p>DITRAK SAS, en virtud de su objeto social, ha obtenido y conservado desde su creaci\u00f3n, datos personales de sus grupos de inter\u00e9s, los cuales en adelante llam\u00e1remos titulares, los cuales son recolectados, almacenados, organizados, usados, transmitidos, actualizados, rectificados y en general administrados, de acuerdo con la respectiva relaci\u00f3n y\/o vinculaci\u00f3n (civil, laboral, comercial) aplicando las siguientes pol\u00edticas:<\/p>\n<ul>\n<li>DITRAK SAS, est\u00e1 comprometida en dar un correcto uso y tratamiento de los datos personales y datos personales sensibles de sus titulares, evitando el acceso no autorizado a terceros que permita conocer, vulnerar, modificar, divulgar y\/o destruir la informaci\u00f3n, para lo cual cuenta con mecanismos que incluyen medidas de control de obligatorio cumplimiento para salvaguardar la informaci\u00f3n.<\/li>\n<li>DITRAK SAS, solo solicitar\u00e1 a los titulares de la informaci\u00f3n los datos necesarios para la prestaci\u00f3n de servicios o el desarrollo de actividades comerciales o contractuales que se lleven a cabo. En caso de solicitar informaci\u00f3n sensible, esta ser\u00e1 en todo momento de libre y voluntaria entrega por parte del respectivo Titular, siempre y cuando estas no sea requerida por un deber de Ley.<\/li>\n<li>Los datos personales s\u00f3lo ser\u00e1n objeto de tratamiento durante el tiempo que sea razonable y necesario, de acuerdo con las finalidades que lo justificaron, atendiendo a las disposiciones aplicables a la materia de que se trate (ej. aspectos administrativos, contables, fiscales, jur\u00eddicos e hist\u00f3ricos de la informaci\u00f3n). Una vez cumplida la o las finalidades del tratamiento y sin perjuicio de normas legales que dispongan lo contrario, DITRAK SAS deber\u00e1 proceder a la supresi\u00f3n de los datos personales en su posesi\u00f3n, sin perjuicio de la posibilidad de conservar aquellos que se requieran para el cumplimiento de una obligaci\u00f3n legal o contractual.<\/li>\n<li>Salvo las excepciones previstas en la ley, el tratamiento de los datos personales s\u00f3lo podr\u00e1 realizarse con el consentimiento previo, expreso e informado de sus titulares, manifestado por escrito, de forma oral o mediante conductas inequ\u00edvocas del Titular que permitan concluir de forma razonable que otorg\u00f3 la autorizaci\u00f3n.<\/li>\n<li>DITRAK SAS, solicitar\u00e1 a las entidades responsables de pago, empleados o colaboradores y contratistas, los datos personales necesarios para establecer la respectiva relaci\u00f3n y\/o vinculaci\u00f3n (civil, laboral, comercial). La informaci\u00f3n sensible requerida ser\u00e1 de libre y voluntaria entrega por parte del respectivo Titular, quien deber\u00e1 otorgar su consentimiento y autorizaci\u00f3n para su respectivo tratamiento.<\/li>\n<li>DITRAK SAS, velar\u00e1 por el respeto y cumplimiento de los derechos fundamentales de los ni\u00f1os, ni\u00f1as y adolescentes, observando los requisitos especiales establecidos para el tratamiento de sus datos personales y datos personales sensibles.<\/li>\n<li>El tratamiento de los datos personales proporcionados por los clientes que sea entregado a DITRAK SAS, tendr\u00e1 la siguiente finalidad:\n<ul>\n<li>Fidelizaci\u00f3n de clientes.<\/li>\n<li>Procedimientos administrativos.<\/li>\n<li>Remisi\u00f3n de informaci\u00f3n a los titulares, relacionada con el objeto social de la organizaci\u00f3n.<\/li>\n<li>Campa\u00f1as de actualizaci\u00f3n de datos e informaci\u00f3n de cambios en el tratamiento de datos personales.<\/li>\n<li>Gesti\u00f3n contable, fiscal y administrativa.<\/li>\n<li>Ofrecimiento de productos y servicios.<\/li>\n<li>Atenci\u00f3n al usuario\/cliente (Gesti\u00f3n PQR)<\/li>\n<li>Seguridad y control de acceso a las instalaciones<\/li>\n<li>Transmitirlos a terceros proveedores de equipos con finalidad exclusiva de control preventa y posventa.<\/li>\n<li>Ejercer acciones legales y en la defensa de las mismas.<\/li>\n<li>Suministro de informaci\u00f3n a las autoridades competentes en caso de ser requerida.<\/li>\n<li>En general para cualquier otra finalidad que se derive de la naturaleza jur\u00eddica de DITRAK SAS.<\/li>\n<\/ul>\n<\/li>\n<li>El tratamiento de los datos personales proporcionados por los empleados o colaboradores de DITRAK SAS, tendr\u00e1 la siguiente finalidad:\n<ul>\n<li>Selecci\u00f3n de personal de acuerdo con su aptitud para un cargo o tarea.<\/li>\n<li>Establecer una relaci\u00f3n contractual.<\/li>\n<li>Ofrecerle oportunidades de capacitaci\u00f3n.<\/li>\n<li>Evaluaciones de desempe\u00f1o, satisfacci\u00f3n laboral, crecimiento personal, bienestar, seguridad y salud en el trabajo.<\/li>\n<li>Cumplir el proceso de afiliaci\u00f3n al Sistema General de Seguridad Social Integral (Entidades Promotoras de Salud, Administradoras de riesgos laborales, Fondos de pensiones y cesant\u00edas, Caja de Compensaci\u00f3n)<\/li>\n<li>Efectuar el proceso de Remuneraci\u00f3n.<\/li>\n<li>Ejercer acciones legales y en la defensa de las mismas.<\/li>\n<li>Cumplir con exigencias judiciales.<\/li>\n<li>Seguridad y control de acceso a las instalaciones.<\/li>\n<li>Suministro de informaci\u00f3n a las autoridades competentes en caso de ser requerida.<\/li>\n<li>En general para cualquier otra finalidad que se derive de la vinculaci\u00f3n contractual.<\/li>\n<\/ul>\n<\/li>\n<li>El tratamiento de los datos personales proporcionados por las entidades responsables de pago, proveedores y\/o contratistas de DITRAK SAS, sean personas naturales o jur\u00eddicas, tendr\u00e1 la siguiente finalidad:\n<ul>\n<li>Realizar la vinculaci\u00f3n contractual.<\/li>\n<li>Efectuar el reconocimiento econ\u00f3mico por la prestaci\u00f3n del servicio.<\/li>\n<li>Seguridad y control de acceso a las instalaciones.<\/li>\n<li>Suministro de informaci\u00f3n a las autoridades competentes en caso de ser requerida.<\/li>\n<li>Ejercer acciones legales y en la defensa de las mismas.<\/li>\n<li>Cumplir con exigencias judiciales.<\/li>\n<\/ul>\n<\/li>\n<\/ul>\n<ol start=\"5\">\n<li>\n<h2>Derechos de los Titulares<\/h2>\n<\/li>\n<\/ol>\n<p>El Titular de los datos personales y datos personales sensibles tendr\u00e1 los siguientes derechos:<\/p>\n<ul>\n<li>Conocer, actualizar y rectificar los datos que aparezcan en la misma.<\/li>\n<li>Este derecho se podr\u00e1 ejercer, entre otros frente a datos parciales, inexactos, incompletos, fraccionados, que induzcan a error, o aquellos cuyo tratamiento est\u00e9 expresamente prohibido o no haya sido autorizado.<\/li>\n<li>Conocer por qu\u00e9 y para qu\u00e9 DITRAK SAS, recolecta informaci\u00f3n en base de datos.<\/li>\n<li>Revocar en cualquier momento la autorizaci\u00f3n dada para contener informaci\u00f3n personal en las bases de datos de DITRAK SAS<\/li>\n<li>Revocar la autorizaci\u00f3n y\/o solicitar la supresi\u00f3n del dato cuando en el tratamiento considere que no se respetan los principios, derechos y garant\u00edas constitucionales y legales. La revocatoria y\/o supresi\u00f3n proceder\u00e1 cuando la Superintendencia de Industria y Comercio haya determinado que en el tratamiento el responsable o encargado han incurrido en conductas contrarias a esta ley y a la constituci\u00f3n.<\/li>\n<li>Poner queja ante la Superintendencia de Industria y Comercio, cuando considere que le ha sido violado por parte de DITRAK SAS, su derecho al Habeas Data.<\/li>\n<li>Solicitar prueba de la autorizaci\u00f3n otorgada al responsable del tratamiento salvo cuando expresamente se except\u00fae como requisito para el tratamiento, de conformidad con lo previsto en el art\u00edculo 10 de la Ley 1581 de 2012.<\/li>\n<li>Acceder en forma gratuita a sus datos personales que hayan sido objeto de Tratamiento.<\/li>\n<\/ul>\n<ol start=\"6\">\n<li>\n<h2>Casos que no requieren autorizaci\u00f3n para el tratamiento de datos<\/h2>\n<\/li>\n<\/ol>\n<p>La autorizaci\u00f3n del Titular no ser\u00e1 necesaria cuando se trate de:<\/p>\n<ul>\n<li>Informaci\u00f3n requerida por una entidad p\u00fablica o administrativa en ejercicio de sus funciones legales o por orden judicial.<\/li>\n<li>Datos de naturaleza p\u00fablica.<\/li>\n<li>Casos de urgencia m\u00e9dica o sanitaria.<\/li>\n<li>Tratamiento de informaci\u00f3n autorizado por la ley para fines hist\u00f3ricos, estad\u00edsticos o cient\u00edficos.<\/li>\n<li>Datos relacionados con el Registro Civil de las Personas.<\/li>\n<\/ul>\n<ol start=\"7\">\n<li>\n<h2>Generalidades de sus derechos como titular de los datos<\/h2>\n<\/li>\n<\/ol>\n<p>La informaci\u00f3n que re\u00fana las condiciones establecidas en el Art. 13 de la Ley 1581 de 2012, podr\u00e1 suministrarse a las siguientes personas:<\/p>\n<ul>\n<li>A los Titulares, sus causahabientes o sus representantes legales.<\/li>\n<li>A las entidades p\u00fablicas o administrativas en ejercicio de sus funciones legales o por orden judicial.<\/li>\n<li>A los terceros autorizados por el Titular o por la ley.<\/li>\n<\/ul>\n<p>Todo ejercicio de sus derechos requiere de legitimaci\u00f3n previa, de acuerdo con lo descrito en el art\u00edculo 2.2.2.25.4.1 de decreto 1074, por lo cual toda petici\u00f3n o reclamo asociados a solicitudes de acceso, rectificaci\u00f3n, actualizaci\u00f3n o eliminaci\u00f3n de datos deber\u00e1 estar acompa\u00f1ada de cualquiera de los siguientes documentos:<\/p>\n<ul>\n<li>Fotocopia de su cedula<\/li>\n<li>Carta autenticada de acreditaci\u00f3n de causahabiente<\/li>\n<li>Carta autenticada de representaci\u00f3n o apoderamiento<\/li>\n<li>Otro documento que acredite la facultad de representaci\u00f3n del titular de los datos<\/li>\n<\/ul>\n<ol start=\"8\">\n<li>\n<h2>\u00c1rea responsable de la atenci\u00f3n de peticiones, consultas y reclamos<\/h2>\n<\/li>\n<\/ol>\n<p>El \u00e1rea responsable de la atenci\u00f3n de peticiones, consultas y reclamos ser\u00e1 el \u00e1rea de CONTACTO de DITRAK SAS, la cual una vez reciba la solicitud de acuerdo con el cap\u00edtulo siguiente la remitir\u00e1 al \u00e1rea responsable del tratamiento del dato.<\/p>\n<p>\u00a0<\/p>\n<ol start=\"9\">\n<li>\n<h2>Procedimiento para la atenci\u00f3n de peticiones, consultas y reclamos<\/h2>\n<\/li>\n<\/ol>\n<ul>\n<li>El Titular de la informaci\u00f3n contenida en la base de datos de DITRAK SAS o aquellos que se encuentren autorizados por Ley, podr\u00e1n ejercer sus derechos de conocer, actualizar, rectificar, suprimir y revocar la informaci\u00f3n contenida en las mismas, mediante un correo electr\u00f3nico a la direcci\u00f3n: cardenas@ditrak.co, o enviando comunicaci\u00f3n escrita a las siguientes direcciones: Sede Administrativa Cr 37 B No 12 \u2013 22 , Bogot\u00e1 Colombia.<\/li>\n<li>La solicitud debe ser clara en lo que se pretende, ya sea conocer, actualizar, rectificar, suprimir y\/o revocar la informaci\u00f3n que se encuentra contenida en una base de datos. A dem\u00e1s, deber\u00e1 contener los datos de contacto del peticionario para poder darle una respuesta.<\/li>\n<li>Independientemente del mecanismo utilizado para la radicaci\u00f3n de solicitudes de consulta, las mismas ser\u00e1n atendidas en un t\u00e9rmino m\u00e1ximo de diez (10) d\u00edas h\u00e1biles contados a partir de la fecha de su recibo. Cuando no fuere posible atender la consulta dentro de dicho t\u00e9rmino, se informar\u00e1 al interesado, expresando los motivos de la demora y se\u00f1alando la fecha en que se atender\u00e1 su consulta, la cual en ning\u00fan caso podr\u00e1 superar los cinco (5) d\u00edas h\u00e1biles siguientes al vencimiento del primer t\u00e9rmino.<\/li>\n<li>Los reclamos para correcci\u00f3n, actualizaci\u00f3n o supresi\u00f3n de datos ser\u00e1n contestados dentro de los quince (15) d\u00edas h\u00e1biles siguientes, contados a partir del d\u00eda siguiente a la fecha de su recibo. Cuando no fuere posible atenderlo dentro de dicho t\u00e9rmino se informar\u00e1 al interesado antes del vencimiento del referido plazo los motivos de la demora y la fecha en que se atender\u00e1 su reclamo, la cual en ning\u00fan caso podr\u00e1 superar los ocho (8) d\u00edas h\u00e1biles siguientes al vencimiento del primer t\u00e9rmino.<\/li>\n<li>Si el reclamo resulta incompleto, se requerir\u00e1 al interesado dentro de los cinco (5) d\u00edas siguientes a la recepci\u00f3n del reclamo para que subsane las fallas. Una vez recibido el reclamo completo, se incluir\u00e1 en la base de datos una leyenda que diga \u201creclamo en tr\u00e1mite\u201d y el motivo del mismo, en un t\u00e9rmino no mayor a dos (2) d\u00edas h\u00e1biles. Dicha leyenda deber\u00e1 mantenerse hasta que el reclamo sea decidido.<\/li>\n<li>De igual forma, si transcurridos dos (2) meses desde la fecha del requerimiento, sin que el solicitante presente la informaci\u00f3n requerida, se entender\u00e1 que ha desistido del reclamo.<\/li>\n<li>La primera instancia de la reclamaci\u00f3n de acuerdo a lo definido por Ley ser\u00e1 DITRAK SAS como responsable del tratamiento, y una vez agotada esta sin respuesta satisfactoria, podr\u00e1 el Titular recurrir a la Superintendencia de Industria y Comercio.<\/li>\n<\/ul>\n<ol start=\"10\">\n<li>\n<h2>Marco Legal<\/h2>\n<\/li>\n<\/ol>\n<p>El presente Manual de Pol\u00edticas y Procedimientos de protecci\u00f3n de datos personales ha sido elaborado en concordancia con las siguientes normas y documentos:<\/p>\n<ul>\n<li>Constituci\u00f3n Pol\u00edtica, art\u00edculo 15.<\/li>\n<li>Ley 1581 de 2012<\/li>\n<li>Ley 1273 de 2009<\/li>\n<li>Ley 1266 de 2008<\/li>\n<li>Decretos Reglamentarios 1727 de 2009 y 2952 de 2010<\/li>\n<li>Decreto Reglamentario 1377 de 2013<\/li>\n<li>Decreto Reglamentario 886 de 2014<\/li>\n<li>Decreto \u00fanico 1074 de 2015<\/li>\n<li>Circular Externa 02 de la SIC<\/li>\n<li>Sentencias de la Corte Constitucional C\u20131011 de 2008, y C-748 del 2011<\/li>\n<\/ul>\n<ol start=\"11\">\n<li>\n<h2>Vigencia<\/h2>\n<\/li>\n<\/ol>\n<p>La presente pol\u00edtica rige a partir de 21 de marzo de 2024 y su vigencia estar\u00e1 supeditada a la finalidad del tratamiento de los datos personales propios de la naturaleza jur\u00eddica de DITRAK SAS.<\/p>\n<p>\u00a0<\/p>\n<ol start=\"12\">\n<li>\n<h2>Actualizaciones de la pol\u00edtica:<\/h2>\n<\/li>\n<\/ol>\n<p>DITRAK SAS podr\u00e1 modificar los t\u00e9rminos y condiciones del presente documento de pol\u00edticas y procedimientos como parte de nuestro esfuerzo por cumplir con las obligaciones establecidas por la Ley 1581 de 2012, los decretos reglamentarios y dem\u00e1s normas que complementen, modifiquen o deroguen lo contenido en este documento, con el fin de reflejar cualquier cambio en nuestras operaciones o funciones. En los casos que esto ocurra se publicar\u00e1 el nuevo documento de pol\u00edticas y procedimientos en la p\u00e1gina web de DITRAK SAS que es:\u00a0https:\/\/ditrak.co\/<\/p>\t\t\t\t\t\t\t\t<\/div>\n\t\t\t\t<\/div>\n\t\t\t\t\t<\/div>\n\t\t\t\t<\/div>\n\t\t\t\t<\/div>\n\t\t","protected":false},"excerpt":{"rendered":"<p>Identificaci\u00f3n del Responsable del Tratamiento INTRODUCCI\u00d3N En virtud de la Ley 1581 de 2012 (Art. 17 Lt. k y Art.18 Lt. f) y del Decreto \u00fanico 1074 de 2015 en sus cap\u00edtulos 25 y 26 mediante los cuales se dictan disposiciones para la protecci\u00f3n de datos personales y en el desarrollo del derecho constitucional que [&hellip;]<\/p>\n","protected":false},"author":1,"featured_media":0,"parent":0,"menu_order":0,"comment_status":"closed","ping_status":"closed","template":"","meta":{"_acf_changed":false,"footnotes":""},"class_list":["post-940","page","type-page","status-publish","hentry"],"acf":[],"_links":{"self":[{"href":"https:\/\/ditrak.co\/index.php\/wp-json\/wp\/v2\/pages\/940","targetHints":{"allow":["GET"]}}],"collection":[{"href":"https:\/\/ditrak.co\/index.php\/wp-json\/wp\/v2\/pages"}],"about":[{"href":"https:\/\/ditrak.co\/index.php\/wp-json\/wp\/v2\/types\/page"}],"author":[{"embeddable":true,"href":"https:\/\/ditrak.co\/index.php\/wp-json\/wp\/v2\/users\/1"}],"replies":[{"embeddable":true,"href":"https:\/\/ditrak.co\/index.php\/wp-json\/wp\/v2\/comments?post=940"}],"version-history":[{"count":52,"href":"https:\/\/ditrak.co\/index.php\/wp-json\/wp\/v2\/pages\/940\/revisions"}],"predecessor-version":[{"id":2116,"href":"https:\/\/ditrak.co\/index.php\/wp-json\/wp\/v2\/pages\/940\/revisions\/2116"}],"wp:attachment":[{"href":"https:\/\/ditrak.co\/index.php\/wp-json\/wp\/v2\/media?parent=940"}],"curies":[{"name":"wp","href":"https:\/\/api.w.org\/{rel}","templated":true}]}}